{"id":37,"date":"2025-05-30T10:46:58","date_gmt":"2025-05-30T10:46:58","guid":{"rendered":"https:\/\/atigirona.com\/?page_id=37"},"modified":"2025-05-30T10:46:59","modified_gmt":"2025-05-30T10:46:59","slug":"politica-de-privacidad-redes-sociales","status":"publish","type":"page","link":"https:\/\/atigirona.com\/es\/politica-de-privacidad-redes-sociales\/","title":{"rendered":"Pol\u00edtica de Privacidad &#8211; Redes Sociales"},"content":{"rendered":"\n<p>De conformidad con lo establecido en la normativa vigente y aplicable de protecci\u00f3n de datos de car\u00e1cter personal y la Ley 34\/2002, de 11 de julio, de Servicios de la Sociedad de la Informaci\u00f3n y de Comercio Electr\u00f3nico (LSSI-CE), AT INFORMATICA, SCCL informa a los usuarios, que ha procedido a crear un perfil en las Redes Sociales Facebook, Tuenti, Twitter, Instagram, Flickr, Pinterest, Linkedin, Foursquare, YouTube, con la finalidad principal de publicitar sus productos y servicios.<\/p>\n\n\n\n<p>Datos de AT INFORMATICA, SCCL:<\/p>\n\n\n\n<ul class=\"wp-block-list\"><li>NIF: F17517376<\/li><li>DIRECCI\u00d3N: CARRER MANUEL CARRASCO FURMIGUERA, 17 17007, GIRONA<\/li><li>CORREO ELECTR\u00d3NICO: legal@atigirona.com<\/li><li>DOMINIO WEB: www.atigirona.com<\/li><\/ul>\n\n\n\n<p>El usuario dispone de un perfil en la misma Red Social y ha decidido unirse a la p\u00e1gina creada por AT INFORMATICA, SCCL, mostrando as\u00ed inter\u00e9s en la informaci\u00f3n que se publicite en la Red. Al unirse a nuestra p\u00e1gina, nos facilita su consentimiento para el tratamiento de aquellos datos personales publicados en su perfil.<\/p>\n\n\n\n<p>El usuario puede acceder en todo momento a las pol\u00edticas de privacidad de la propia Red Social, as\u00ed como configurar su perfil para garantizar su privacidad.<\/p>\n\n\n\n<p>AT INFORMATICA, SCCL tiene acceso y trata aquella informaci\u00f3n p\u00fablica del usuario, en especial, su nombre de contacto. Estos datos, s\u00f3lo son utilizados dentro de la propia Red Social. No son incorporados a ning\u00fan sistema de tratamiento.<\/p>\n\n\n\n<p>Derechos de los interesados<\/p>\n\n\n\n<p>En relaci\u00f3n a los derechos de acceso, rectificaci\u00f3n, limitaci\u00f3n de tratamiento, supresi\u00f3n, portabilidad y oposici\u00f3n al tratamiento de sus datos de car\u00e1cter personal, de los que usted dispone y que pueden ser ejercitados ante AT INFORMATICA, SCCL, de acuerdo con el RGPD, debe tener en cuenta los siguientes matices:<\/p>\n\n\n\n<ul class=\"wp-block-list\"><li>Derecho de Acceso: Es el derecho del usuario a obtener informaci\u00f3n sobre sus datos concretos de car\u00e1cter personal y del tratamiento que se haya realizado o realice, as\u00ed como de la informaci\u00f3n disponible sobre el origen de dichos datos y las comunicaciones realizadas o previstas de los mismos.<\/li><li>Derecho de Rectificaci\u00f3n: Es el derecho del afectado a que se modifiquen los datos que resulten ser inexactos o incompletos. S\u00f3lo podr\u00e1 satisfacerse en relaci\u00f3n a aquella informaci\u00f3n que se encuentre bajo el control de AT INFORMATICA, SCCL, por ejemplo, eliminar comentarios publicados en la propia p\u00e1gina, im\u00e1genes o contenidos web donde consten datos de car\u00e1cter personal del usuario.<\/li><li>Derecho a la Limitaci\u00f3n de tratamiento: Es el derecho a que se limiten los fines del tratamiento previstos de forma original por el responsable del tratamiento.<\/li><li>Derecho de Supresi\u00f3n: Es el derecho a suprimir los datos de car\u00e1cter personal del usuario, a excepci\u00f3n de lo previsto en el propio RGPD o en otras normativas aplicables que determinen la obligatoriedad de la conservaci\u00f3n de los mismos, en tiempo y forma.<\/li><li>Derecho de portabilidad: El derecho a recibir los datos personales que el usuario, haya facilitado, en un formato estructurado, de uso com\u00fan y lectura mec\u00e1nica, y a transmitirlos a otro responsable.<\/li><li>Derecho de Oposici\u00f3n: Es el derecho del usuario a que no se lleve a cabo el tratamiento de sus datos de car\u00e1cter personal o se cese el tratamiento de los mismos por parte de AT INFORMATICA, SCCL.<\/li><\/ul>\n\n\n\n<p>AT INFORMATICA, SCCL realizar\u00e1 las siguientes actuaciones:<\/p>\n\n\n\n<ul class=\"wp-block-list\"><li>Acceso a la informaci\u00f3n p\u00fablica del perfil.<\/li><li>Publicaci\u00f3n en el perfil del usuario de toda aquella informaci\u00f3n ya publicada en la p\u00e1gina de AT INFORMATICA, SCCL.<\/li><li>Enviar mensajes personales e individuales a trav\u00e9s de los canales de la Red Social.<\/li><li>Actualizaciones del estado de la p\u00e1gina que se publicar\u00e1n en el perfil del usuario.<\/li><\/ul>\n\n\n\n<p>El usuario siempre puede controlar sus conexiones, eliminar los contenidos que dejen de interesarle y restringir con qui\u00e9n comparte sus conexiones, para ello deber\u00e1 acceder a su configuraci\u00f3n de privacidad.<\/p>\n\n\n\n<p>Publicaciones<\/p>\n\n\n\n<p>El usuario, una vez unido a la p\u00e1gina de AT INFORMATICA, SCCL, podr\u00e1 publicar en \u00e9sta \u00faltima comentarios, enlaces, im\u00e1genes o fotograf\u00edas o cualquier otro tipo de contenido multimedia soportado por la Red Social. El usuario, en todos los casos, debe ser el titular de los mismos, gozar de los derechos de autor y de propiedad intelectual o contar con el consentimiento de los terceros afectados. Se proh\u00edbe expresamente cualquier publicaci\u00f3n en la p\u00e1gina, ya sean textos, gr\u00e1ficos, fotograf\u00edas, v\u00eddeos, etc. que atenten o sean susceptibles de atentar contra la moral, la \u00e9tica, el buen gusto o el decoro, y\/o que infrinjan, violen o quebranten los derechos de propiedad intelectual o industrial, el derecho a la imagen o la Ley. En estos casos, AT INFORMATICA, SCCL se reserva el derecho a retirar de inmediato el contenido, pudiendo solicitar el bloqueo permanente del usuario.<\/p>\n\n\n\n<p>AT INFORMATICA, SCCL no se har\u00e1 responsable de los contenidos que libremente ha publicado un usuario.<\/p>\n\n\n\n<p>El usuario debe tener presente que sus publicaciones ser\u00e1n conocidas por los otros usuarios, por lo que \u00e9l mismo es el principal responsable de su privacidad.<\/p>\n\n\n\n<p>Las im\u00e1genes que puedan publicarse en la p\u00e1gina no ser\u00e1n almacenadas en ning\u00fan sistema de tratamiento por parte de AT INFORMATICA, SCCL, pero s\u00ed que permanecer\u00e1n en la Red Social.<\/p>\n\n\n\n<p>Concursos y promociones<\/p>\n\n\n\n<p>AT INFORMATICA, SCCL se reserva el derecho a realizar concursos y promociones, en los que podr\u00e1 participar el usuario unido a su p\u00e1gina. Las bases de cada uno de ellos, cuando se utilice para ello la plataforma de la Red Social, ser\u00e1n publicadas en la misma. Cumpliendo siempre con la LSSI-CE y con cualquier otra norma que le sea de aplicaci\u00f3n.<\/p>\n\n\n\n<p>La Red Social no patrocina, avala ni administra, de modo alguno, ninguna de nuestras promociones, ni est\u00e1 asociada a ninguna de ellas.<\/p>\n\n\n\n<p>Publicidad<\/p>\n\n\n\n<p>AT INFORMATICA, SCCL utilizar\u00e1 la Red Social para publicitar sus productos y servicios, en todo caso, si decide tratar sus datos de contacto para realizar acciones directas de prospecci\u00f3n comercial, ser\u00e1 siempre, cumpliendo con las exigencias legales del RGPD y de la LSSI-CE.<\/p>\n\n\n\n<p>No se considerar\u00e1 publicidad el hecho de recomendar a otros usuarios la p\u00e1gina de AT INFORMATICA, SCCL para que tambi\u00e9n ellos puedan disfrutar de las promociones o estar informados de su actividad.<\/p>\n\n\n\n<p>A continuaci\u00f3n detallamos el enlace a la pol\u00edtica de privacidad de la Red Social:<\/p>\n\n\n\n<ul class=\"wp-block-list\"><li>Facebook: <a rel=\"noreferrer noopener\" href=\"https:\/\/es-es.facebook.com\/privacy\/explanation\" target=\"_blank\">https:\/\/es-es.facebook.com\/privacy\/explanation<\/a><\/li><li>Tuenti: <a rel=\"noreferrer noopener\" href=\"https:\/\/m.tuenti.com\/?m=corporate&amp;func=terms_of_use\" target=\"_blank\">https:\/\/m.tuenti.com\/?m=corporate&amp;func=terms_of_use<\/a><\/li><li>Twitter: <a rel=\"noreferrer noopener\" href=\"https:\/\/twitter.com\/privacy\" target=\"_blank\">https:\/\/twitter.com\/privacy<\/a><\/li><li>Instagram: <a rel=\"noreferrer noopener\" href=\"http:\/\/instagram.com\/about\/legal\/privacy\/\" target=\"_blank\">http:\/\/instagram.com\/about\/legal\/privacy\/<\/a><\/li><li>Flickr: <a rel=\"noreferrer noopener\" href=\"http:\/\/info.yahoo.com\/privacy\/es\/yahoo\/flickr\/\" target=\"_blank\">http:\/\/info.yahoo.com\/privacy\/es\/yahoo\/flickr\/<\/a><\/li><li>Pinterest: <a rel=\"noreferrer noopener\" href=\"https:\/\/policy.pinterest.com\/es\/privacy-policy\" target=\"_blank\">https:\/\/policy.pinterest.com\/es\/privacy-policy<\/a><\/li><li>Linkedin: <a rel=\"noreferrer noopener\" href=\"http:\/\/www.linkedin.com\/legal\/privacy-policy?trk=hb_ft_priv\" target=\"_blank\">http:\/\/www.linkedin.com\/legal\/privacy-policy?trk=hb_ft_priv<\/a><\/li><li>Foursquare: <a rel=\"noreferrer noopener\" href=\"https:\/\/es.foursquare.com\/legal\/privacy\" target=\"_blank\">https:\/\/es.foursquare.com\/legal\/privacy<\/a><\/li><li>YouTube: <a rel=\"noreferrer noopener\" href=\"https:\/\/www.youtube.com\/intl\/es\/about\/policies\/#community-guidelines\" target=\"_blank\">https:\/\/www.youtube.com\/intl\/es\/about\/policies\/#community-guidelines<\/a><\/li><\/ul>\n\n\n\n<p>\u00daLTIMA ACTUALIZACI\u00d3N: 26 de mayo de 2021<\/p>\n","protected":false},"excerpt":{"rendered":"<p>De conformidad con lo establecido en la normativa vigente y aplicable de protecci\u00f3n de datos de car\u00e1cter personal y la Ley 34\/2002, de 11 de julio, de Servicios de la Sociedad de la Informaci\u00f3n y de Comercio Electr\u00f3nico (LSSI-CE), AT INFORMATICA, SCCL informa a los usuarios, que ha procedido a crear un perfil en las [&hellip;]<\/p>\n","protected":false},"author":1,"featured_media":0,"parent":0,"menu_order":300,"comment_status":"closed","ping_status":"closed","template":"page-templates\/page-legal.php","meta":{"_acf_changed":false,"footnotes":""},"class_list":["post-37","page","type-page","status-publish","hentry"],"acf":[],"yoast_head":"<!-- This site is optimized with the Yoast SEO plugin v27.5 - https:\/\/yoast.com\/product\/yoast-seo-wordpress\/ -->\n<title>Pol\u00edtica de Privacidad - Redes Sociales - AT INFORM\u00c0TICA<\/title>\n<meta name=\"robots\" content=\"noindex, nofollow\" \/>\n<meta property=\"og:locale\" content=\"es_ES\" \/>\n<meta property=\"og:type\" content=\"article\" \/>\n<meta property=\"og:title\" content=\"Pol\u00edtica de Privacidad - Redes Sociales - AT INFORM\u00c0TICA\" \/>\n<meta property=\"og:description\" content=\"De conformidad con lo establecido en la normativa vigente y aplicable de protecci\u00f3n de datos de car\u00e1cter personal y la Ley 34\/2002, de 11 de julio, de Servicios de la Sociedad de la Informaci\u00f3n y de Comercio Electr\u00f3nico (LSSI-CE), AT INFORMATICA, SCCL informa a los usuarios, que ha procedido a crear un perfil en las [&hellip;]\" \/>\n<meta property=\"og:url\" content=\"https:\/\/atigirona.com\/es\/politica-de-privacidad-redes-sociales\/\" \/>\n<meta property=\"og:site_name\" content=\"AT INFORM\u00c0TICA\" \/>\n<meta property=\"article:modified_time\" content=\"2025-05-30T10:46:59+00:00\" \/>\n<meta name=\"twitter:card\" content=\"summary_large_image\" \/>\n<meta name=\"twitter:label1\" content=\"Tiempo de lectura\" \/>\n\t<meta name=\"twitter:data1\" content=\"6 minutos\" \/>\n<script type=\"application\/ld+json\" class=\"yoast-schema-graph\">{\"@context\":\"https:\\\/\\\/schema.org\",\"@graph\":[{\"@type\":\"WebPage\",\"@id\":\"https:\\\/\\\/atigirona.com\\\/es\\\/politica-de-privacidad-redes-sociales\\\/\",\"url\":\"https:\\\/\\\/atigirona.com\\\/es\\\/politica-de-privacidad-redes-sociales\\\/\",\"name\":\"Pol\u00edtica de Privacidad - Redes Sociales - AT INFORM\u00c0TICA\",\"isPartOf\":{\"@id\":\"https:\\\/\\\/atigirona.com\\\/es\\\/#website\"},\"datePublished\":\"2025-05-30T10:46:58+00:00\",\"dateModified\":\"2025-05-30T10:46:59+00:00\",\"breadcrumb\":{\"@id\":\"https:\\\/\\\/atigirona.com\\\/es\\\/politica-de-privacidad-redes-sociales\\\/#breadcrumb\"},\"inLanguage\":\"es\",\"potentialAction\":[{\"@type\":\"ReadAction\",\"target\":[\"https:\\\/\\\/atigirona.com\\\/es\\\/politica-de-privacidad-redes-sociales\\\/\"]}]},{\"@type\":\"BreadcrumbList\",\"@id\":\"https:\\\/\\\/atigirona.com\\\/es\\\/politica-de-privacidad-redes-sociales\\\/#breadcrumb\",\"itemListElement\":[{\"@type\":\"ListItem\",\"position\":1,\"name\":\"Inici\",\"item\":\"https:\\\/\\\/atigirona.com\\\/es\\\/\"},{\"@type\":\"ListItem\",\"position\":2,\"name\":\"Pol\u00edtica de Privacidad &#8211; Redes Sociales\"}]},{\"@type\":\"WebSite\",\"@id\":\"https:\\\/\\\/atigirona.com\\\/es\\\/#website\",\"url\":\"https:\\\/\\\/atigirona.com\\\/es\\\/\",\"name\":\"AT INFORM\u00c0TICA\",\"description\":\"Solucions Web, Manteniment i M\u00e0rqueting Digital a Girona\",\"publisher\":{\"@id\":\"https:\\\/\\\/atigirona.com\\\/es\\\/#organization\"},\"potentialAction\":[{\"@type\":\"SearchAction\",\"target\":{\"@type\":\"EntryPoint\",\"urlTemplate\":\"https:\\\/\\\/atigirona.com\\\/es\\\/?s={search_term_string}\"},\"query-input\":{\"@type\":\"PropertyValueSpecification\",\"valueRequired\":true,\"valueName\":\"search_term_string\"}}],\"inLanguage\":\"es\"},{\"@type\":\"Organization\",\"@id\":\"https:\\\/\\\/atigirona.com\\\/es\\\/#organization\",\"name\":\"AT INFORM\u00c0TICA\",\"url\":\"https:\\\/\\\/atigirona.com\\\/es\\\/\",\"logo\":{\"@type\":\"ImageObject\",\"inLanguage\":\"es\",\"@id\":\"https:\\\/\\\/atigirona.com\\\/es\\\/#\\\/schema\\\/logo\\\/image\\\/\",\"url\":\"https:\\\/\\\/atigirona.com\\\/wp-content\\\/uploads\\\/2025\\\/05\\\/logo_at_menu.svg\",\"contentUrl\":\"https:\\\/\\\/atigirona.com\\\/wp-content\\\/uploads\\\/2025\\\/05\\\/logo_at_menu.svg\",\"caption\":\"AT INFORM\u00c0TICA\"},\"image\":{\"@id\":\"https:\\\/\\\/atigirona.com\\\/es\\\/#\\\/schema\\\/logo\\\/image\\\/\"}}]}<\/script>\n<!-- \/ Yoast SEO plugin. -->","yoast_head_json":{"title":"Pol\u00edtica de Privacidad - Redes Sociales - AT INFORM\u00c0TICA","robots":{"index":"noindex","follow":"nofollow"},"og_locale":"es_ES","og_type":"article","og_title":"Pol\u00edtica de Privacidad - Redes Sociales - AT INFORM\u00c0TICA","og_description":"De conformidad con lo establecido en la normativa vigente y aplicable de protecci\u00f3n de datos de car\u00e1cter personal y la Ley 34\/2002, de 11 de julio, de Servicios de la Sociedad de la Informaci\u00f3n y de Comercio Electr\u00f3nico (LSSI-CE), AT INFORMATICA, SCCL informa a los usuarios, que ha procedido a crear un perfil en las [&hellip;]","og_url":"https:\/\/atigirona.com\/es\/politica-de-privacidad-redes-sociales\/","og_site_name":"AT INFORM\u00c0TICA","article_modified_time":"2025-05-30T10:46:59+00:00","twitter_card":"summary_large_image","twitter_misc":{"Tiempo de lectura":"6 minutos"},"schema":{"@context":"https:\/\/schema.org","@graph":[{"@type":"WebPage","@id":"https:\/\/atigirona.com\/es\/politica-de-privacidad-redes-sociales\/","url":"https:\/\/atigirona.com\/es\/politica-de-privacidad-redes-sociales\/","name":"Pol\u00edtica de Privacidad - Redes Sociales - AT INFORM\u00c0TICA","isPartOf":{"@id":"https:\/\/atigirona.com\/es\/#website"},"datePublished":"2025-05-30T10:46:58+00:00","dateModified":"2025-05-30T10:46:59+00:00","breadcrumb":{"@id":"https:\/\/atigirona.com\/es\/politica-de-privacidad-redes-sociales\/#breadcrumb"},"inLanguage":"es","potentialAction":[{"@type":"ReadAction","target":["https:\/\/atigirona.com\/es\/politica-de-privacidad-redes-sociales\/"]}]},{"@type":"BreadcrumbList","@id":"https:\/\/atigirona.com\/es\/politica-de-privacidad-redes-sociales\/#breadcrumb","itemListElement":[{"@type":"ListItem","position":1,"name":"Inici","item":"https:\/\/atigirona.com\/es\/"},{"@type":"ListItem","position":2,"name":"Pol\u00edtica de Privacidad &#8211; Redes Sociales"}]},{"@type":"WebSite","@id":"https:\/\/atigirona.com\/es\/#website","url":"https:\/\/atigirona.com\/es\/","name":"AT INFORM\u00c0TICA","description":"Solucions Web, Manteniment i M\u00e0rqueting Digital a Girona","publisher":{"@id":"https:\/\/atigirona.com\/es\/#organization"},"potentialAction":[{"@type":"SearchAction","target":{"@type":"EntryPoint","urlTemplate":"https:\/\/atigirona.com\/es\/?s={search_term_string}"},"query-input":{"@type":"PropertyValueSpecification","valueRequired":true,"valueName":"search_term_string"}}],"inLanguage":"es"},{"@type":"Organization","@id":"https:\/\/atigirona.com\/es\/#organization","name":"AT INFORM\u00c0TICA","url":"https:\/\/atigirona.com\/es\/","logo":{"@type":"ImageObject","inLanguage":"es","@id":"https:\/\/atigirona.com\/es\/#\/schema\/logo\/image\/","url":"https:\/\/atigirona.com\/wp-content\/uploads\/2025\/05\/logo_at_menu.svg","contentUrl":"https:\/\/atigirona.com\/wp-content\/uploads\/2025\/05\/logo_at_menu.svg","caption":"AT INFORM\u00c0TICA"},"image":{"@id":"https:\/\/atigirona.com\/es\/#\/schema\/logo\/image\/"}}]}},"_links":{"self":[{"href":"https:\/\/atigirona.com\/es\/wp-json\/wp\/v2\/pages\/37","targetHints":{"allow":["GET"]}}],"collection":[{"href":"https:\/\/atigirona.com\/es\/wp-json\/wp\/v2\/pages"}],"about":[{"href":"https:\/\/atigirona.com\/es\/wp-json\/wp\/v2\/types\/page"}],"author":[{"embeddable":true,"href":"https:\/\/atigirona.com\/es\/wp-json\/wp\/v2\/users\/1"}],"replies":[{"embeddable":true,"href":"https:\/\/atigirona.com\/es\/wp-json\/wp\/v2\/comments?post=37"}],"version-history":[{"count":1,"href":"https:\/\/atigirona.com\/es\/wp-json\/wp\/v2\/pages\/37\/revisions"}],"predecessor-version":[{"id":249,"href":"https:\/\/atigirona.com\/es\/wp-json\/wp\/v2\/pages\/37\/revisions\/249"}],"wp:attachment":[{"href":"https:\/\/atigirona.com\/es\/wp-json\/wp\/v2\/media?parent=37"}],"curies":[{"name":"wp","href":"https:\/\/api.w.org\/{rel}","templated":true}]}}