{"id":223,"date":"2025-05-30T08:06:25","date_gmt":"2025-05-30T08:06:25","guid":{"rendered":"https:\/\/atigirona.com\/inici\/"},"modified":"2026-02-13T11:00:58","modified_gmt":"2026-02-13T11:00:58","slug":"inici","status":"publish","type":"page","link":"https:\/\/atigirona.com\/es\/","title":{"rendered":"Inicio"},"content":{"rendered":"\n<div class=\"wp-block-group\"><div class=\"wp-block-group__inner-container is-layout-constrained wp-block-group-is-layout-constrained\">\n<div class=\"wp-block-cover\"><img loading=\"lazy\" decoding=\"async\" width=\"1024\" height=\"454\" class=\"wp-block-cover__image-background wp-image-152 size-large\" alt=\"\" src=\"https:\/\/atigirona.com\/wp-content\/uploads\/2025\/05\/atigirona_header_home-1024x454.jpg\" data-object-fit=\"cover\" srcset=\"https:\/\/atigirona.com\/wp-content\/uploads\/2025\/05\/atigirona_header_home-1024x454.jpg 1024w, https:\/\/atigirona.com\/wp-content\/uploads\/2025\/05\/atigirona_header_home-300x133.jpg 300w, https:\/\/atigirona.com\/wp-content\/uploads\/2025\/05\/atigirona_header_home-768x340.jpg 768w, https:\/\/atigirona.com\/wp-content\/uploads\/2025\/05\/atigirona_header_home-1536x681.jpg 1536w, https:\/\/atigirona.com\/wp-content\/uploads\/2025\/05\/atigirona_header_home.jpg 1920w\" sizes=\"auto, (max-width: 1024px) 100vw, 1024px\" \/><span aria-hidden=\"true\" class=\"wp-block-cover__background has-background-dim wp-block-cover__gradient-background has-background-gradient\" style=\"background:linear-gradient(135deg,rgb(0,31,94) 0%,rgba(13,66,224,0.86) 99%)\"><\/span><div class=\"wp-block-cover__inner-container is-layout-constrained wp-block-cover-is-layout-constrained\">\n<h1 class=\"wp-block-heading has-text-align-center has-large-font-size\"><strong>Soluciones Digitales e Inform\u00e1ticas para Empresas<\/strong><\/h1>\n\n\n\n<p class=\"has-text-align-center\">En <strong>AT INFORM\u00c0TICA<\/strong> ofrecemos servicios tecnol\u00f3gicos integrales pensados exclusivamente para empresas. Trabajamos codo con codo con negocios de todos los sectores para optimizar su presencia digital, infraestructura tecnol\u00f3gica y rendimiento comercial.<\/p>\n<\/div><\/div>\n<\/div><\/div>\n\n\n\n<div id=\"servicios\" class=\"wp-block-group container_width\"><div class=\"wp-block-group__inner-container is-layout-constrained wp-block-group-is-layout-constrained\">\n<div style=\"height:40px\" aria-hidden=\"true\" class=\"wp-block-spacer\"><\/div>\n\n\n\n<h2 class=\"wp-block-heading has-text-align-center has-text-color has-link-color has-large-font-size wp-elements-91557c4e4434e564d25733ae67d8c2b2\" style=\"color:#07247b\"><strong>Servicios para Empresas<\/strong><\/h2>\n\n\n\n<div style=\"height:40px\" aria-hidden=\"true\" class=\"wp-block-spacer\"><\/div>\n\n\n\n<div class=\"wp-block-columns is-layout-flex wp-container-core-columns-is-layout-9d6595d7 wp-block-columns-is-layout-flex\">\n<div class=\"wp-block-column is-layout-flow wp-block-column-is-layout-flow\" style=\"flex-basis:100%\">\n<div class=\"wp-block-cover\"><img loading=\"lazy\" decoding=\"async\" width=\"465\" height=\"348\" class=\"wp-block-cover__image-background wp-image-158 size-full\" alt=\"\" src=\"https:\/\/atigirona.com\/wp-content\/uploads\/2025\/05\/atigirona_servei_disseny_web.jpg\" data-object-fit=\"cover\" srcset=\"https:\/\/atigirona.com\/wp-content\/uploads\/2025\/05\/atigirona_servei_disseny_web.jpg 465w, https:\/\/atigirona.com\/wp-content\/uploads\/2025\/05\/atigirona_servei_disseny_web-300x225.jpg 300w\" sizes=\"auto, (max-width: 465px) 100vw, 465px\" \/><span aria-hidden=\"true\" class=\"wp-block-cover__background has-black-background-color has-background-dim-40 has-background-dim\"><\/span><div class=\"wp-block-cover__inner-container is-layout-constrained wp-block-cover-is-layout-constrained\">\n<h3 class=\"wp-block-heading has-text-align-center has-large-font-size\"><strong>Dise\u00f1o y Desarrollo Web y APP<\/strong><\/h3>\n\n\n\n<p class=\"has-text-align-center\">Sitios web corporativos, intranets, portales B2B y aplicaciones m\u00f3viles empresariales, dise\u00f1adas para mejorar la eficiencia y la imagen de marca.<\/p>\n<\/div><\/div>\n<\/div>\n\n\n\n<div class=\"wp-block-column is-layout-flow wp-block-column-is-layout-flow\" style=\"flex-basis:100%\">\n<div class=\"wp-block-cover\"><img loading=\"lazy\" decoding=\"async\" width=\"464\" height=\"348\" class=\"wp-block-cover__image-background wp-image-161 size-full\" alt=\"\" src=\"https:\/\/atigirona.com\/wp-content\/uploads\/2025\/05\/atigirona_servei_allotjament_web.jpg\" data-object-fit=\"cover\" srcset=\"https:\/\/atigirona.com\/wp-content\/uploads\/2025\/05\/atigirona_servei_allotjament_web.jpg 464w, https:\/\/atigirona.com\/wp-content\/uploads\/2025\/05\/atigirona_servei_allotjament_web-300x225.jpg 300w\" sizes=\"auto, (max-width: 464px) 100vw, 464px\" \/><span aria-hidden=\"true\" class=\"wp-block-cover__background has-black-background-color has-background-dim-40 has-background-dim\"><\/span><div class=\"wp-block-cover__inner-container is-layout-constrained wp-block-cover-is-layout-constrained\">\n<h3 class=\"wp-block-heading has-text-align-center has-large-font-size\"><strong>Alojamiento Web Empresarial<\/strong><\/h3>\n\n\n\n<p class=\"has-text-align-center\">Servidores seguros, r\u00e1pidos y escalables, con soporte t\u00e9cnico especializado y monitorizaci\u00f3n constante.<\/p>\n<\/div><\/div>\n<\/div>\n\n\n\n<div class=\"wp-block-column is-layout-flow wp-block-column-is-layout-flow\" style=\"flex-basis:100%\">\n<div class=\"wp-block-cover\"><img loading=\"lazy\" decoding=\"async\" width=\"464\" height=\"347\" class=\"wp-block-cover__image-background wp-image-164 size-full\" alt=\"\" src=\"https:\/\/atigirona.com\/wp-content\/uploads\/2025\/05\/atigirona_servei_assessorament.jpg\" data-object-fit=\"cover\" srcset=\"https:\/\/atigirona.com\/wp-content\/uploads\/2025\/05\/atigirona_servei_assessorament.jpg 464w, https:\/\/atigirona.com\/wp-content\/uploads\/2025\/05\/atigirona_servei_assessorament-300x224.jpg 300w\" sizes=\"auto, (max-width: 464px) 100vw, 464px\" \/><span aria-hidden=\"true\" class=\"wp-block-cover__background has-black-background-color has-background-dim-40 has-background-dim\"><\/span><div class=\"wp-block-cover__inner-container is-layout-constrained wp-block-cover-is-layout-constrained\">\n<h3 class=\"wp-block-heading has-text-align-center has-large-font-size\"><strong>Asesoramiento y Consultor\u00eda Tecnol\u00f3gica<\/strong><\/h3>\n\n\n\n<p class=\"has-text-align-center\">Te ayudamos a transformar digitalmente tu empresa con soluciones adaptadas a tus necesidades y objetivos.<\/p>\n<\/div><\/div>\n<\/div>\n<\/div>\n\n\n\n<div class=\"wp-block-columns is-layout-flex wp-container-core-columns-is-layout-9d6595d7 wp-block-columns-is-layout-flex\">\n<div class=\"wp-block-column is-layout-flow wp-block-column-is-layout-flow\" style=\"flex-basis:100%\">\n<div class=\"wp-block-cover\"><img loading=\"lazy\" decoding=\"async\" width=\"463\" height=\"347\" class=\"wp-block-cover__image-background wp-image-167 size-full\" alt=\"\" src=\"https:\/\/atigirona.com\/wp-content\/uploads\/2025\/05\/atigirona_servei_marqueting_digital.jpg\" data-object-fit=\"cover\" srcset=\"https:\/\/atigirona.com\/wp-content\/uploads\/2025\/05\/atigirona_servei_marqueting_digital.jpg 463w, https:\/\/atigirona.com\/wp-content\/uploads\/2025\/05\/atigirona_servei_marqueting_digital-300x225.jpg 300w\" sizes=\"auto, (max-width: 463px) 100vw, 463px\" \/><span aria-hidden=\"true\" class=\"wp-block-cover__background has-black-background-color has-background-dim-40 has-background-dim\"><\/span><div class=\"wp-block-cover__inner-container is-layout-constrained wp-block-cover-is-layout-constrained\">\n<h3 class=\"wp-block-heading has-text-align-center has-large-font-size\"><strong>Marketing Digital y SEO Corporativo<\/strong><\/h3>\n\n\n\n<p class=\"has-text-align-center\">Posicionamiento org\u00e1nico (SEO), publicidad en Google y redes sociales para captar clientes potenciales y mejorar la visibilidad online de tu empresa.<\/p>\n<\/div><\/div>\n<\/div>\n\n\n\n<div class=\"wp-block-column is-layout-flow wp-block-column-is-layout-flow\" style=\"flex-basis:100%\">\n<div class=\"wp-block-cover\"><img loading=\"lazy\" decoding=\"async\" width=\"463\" height=\"348\" class=\"wp-block-cover__image-background wp-image-170 size-full\" alt=\"\" src=\"https:\/\/atigirona.com\/wp-content\/uploads\/2025\/05\/atigirona_servei_disseny_grafic.jpg\" data-object-fit=\"cover\" srcset=\"https:\/\/atigirona.com\/wp-content\/uploads\/2025\/05\/atigirona_servei_disseny_grafic.jpg 463w, https:\/\/atigirona.com\/wp-content\/uploads\/2025\/05\/atigirona_servei_disseny_grafic-300x225.jpg 300w\" sizes=\"auto, (max-width: 463px) 100vw, 463px\" \/><span aria-hidden=\"true\" class=\"wp-block-cover__background has-black-background-color has-background-dim-40 has-background-dim\"><\/span><div class=\"wp-block-cover__inner-container is-layout-constrained wp-block-cover-is-layout-constrained\">\n<h3 class=\"wp-block-heading has-text-align-center has-large-font-size\"><strong>Dise\u00f1o Gr\u00e1fico Corporativo<\/strong><\/h3>\n\n\n\n<p class=\"has-text-align-center\">Desarrollamos la identidad visual de tu empresa: logotipos, presentaciones, cat\u00e1logos y material corporativo.<\/p>\n<\/div><\/div>\n<\/div>\n\n\n\n<div class=\"wp-block-column is-layout-flow wp-block-column-is-layout-flow\" style=\"flex-basis:100%\">\n<div class=\"wp-block-cover\"><img loading=\"lazy\" decoding=\"async\" width=\"465\" height=\"352\" class=\"wp-block-cover__image-background wp-image-173 size-full\" alt=\"\" src=\"https:\/\/atigirona.com\/wp-content\/uploads\/2025\/05\/atigirona_servei__material_reparacio.jpg\" data-object-fit=\"cover\" srcset=\"https:\/\/atigirona.com\/wp-content\/uploads\/2025\/05\/atigirona_servei__material_reparacio.jpg 465w, https:\/\/atigirona.com\/wp-content\/uploads\/2025\/05\/atigirona_servei__material_reparacio-300x227.jpg 300w\" sizes=\"auto, (max-width: 465px) 100vw, 465px\" \/><span aria-hidden=\"true\" class=\"wp-block-cover__background has-black-background-color has-background-dim-40 has-background-dim\"><\/span><div class=\"wp-block-cover__inner-container is-layout-constrained wp-block-cover-is-layout-constrained\">\n<h3 class=\"wp-block-heading has-text-align-center has-large-font-size\"><strong>Equipamiento Inform\u00e1tico para Empresas<\/strong><\/h3>\n\n\n\n<p class=\"has-text-align-center\">Venta, montaje y mantenimiento de hardware para oficinas, con servicio t\u00e9cnico especializado para empresas.<\/p>\n<\/div><\/div>\n<\/div>\n<\/div>\n\n\n\n<div style=\"height:30px\" aria-hidden=\"true\" class=\"wp-block-spacer\"><\/div>\n<\/div><\/div>\n\n\n\n<div class=\"wp-block-group has-background\" style=\"background-color:#0d41e1\"><div class=\"wp-block-group__inner-container is-layout-constrained wp-block-group-is-layout-constrained\">\n<div style=\"height:30px\" aria-hidden=\"true\" class=\"wp-block-spacer\"><\/div>\n\n\n\n<div class=\"wp-block-group container_width\"><div class=\"wp-block-group__inner-container is-layout-constrained wp-block-group-is-layout-constrained\"><div class=\"wp-block-image\">\n<figure class=\"aligncenter size-full is-resized\"><img decoding=\"async\" src=\"https:\/\/atigirona.com\/wp-content\/uploads\/2025\/05\/logo_at_blanc_1.svg\" alt=\"\" class=\"wp-image-186\" style=\"object-fit:cover;width:50px;height:50px\"\/><\/figure>\n<\/div>\n\n\n<div style=\"height:30px\" aria-hidden=\"true\" class=\"wp-block-spacer\"><\/div>\n\n\n\n<h2 class=\"wp-block-heading has-text-align-center has-white-color has-text-color has-link-color wp-elements-0059c04c0d839796b55cd74a5ee2090f\"><strong>Impulsa la Transformaci\u00f3n Digital de tu Empresa<\/strong><\/h2>\n\n\n\n<p class=\"has-text-align-center has-white-color has-text-color has-link-color wp-elements-76d9ca7c24fcf23f30c9b1c991ed1e61\">En AT INFORM\u00c0TICA te ofrecemos soluciones personalizadas en dise\u00f1o web, mantenimiento inform\u00e1tico y marketing digital para hacer crecer tu empresa en el entorno digital.<\/p>\n\n\n\n<div style=\"height:30px\" aria-hidden=\"true\" class=\"wp-block-spacer\"><\/div>\n\n\n\n<div class=\"wp-block-buttons is-content-justification-center is-layout-flex wp-container-core-buttons-is-layout-16018d1d wp-block-buttons-is-layout-flex\">\n<div class=\"wp-block-button\"><a class=\"wp-block-button__link wp-element-button\" href=\"mailto:dev@atigirona.com\" target=\"_blank\" rel=\"noreferrer noopener nofollow\">Contacta<\/a><\/div>\n<\/div>\n<\/div><\/div>\n\n\n\n<div style=\"height:30px\" aria-hidden=\"true\" class=\"wp-block-spacer\"><\/div>\n<\/div><\/div>\n\n\n\n<div id=\"equipo\" class=\"wp-block-group container_width\"><div class=\"wp-block-group__inner-container is-layout-constrained wp-block-group-is-layout-constrained\">\n<div style=\"height:40px\" aria-hidden=\"true\" class=\"wp-block-spacer\"><\/div>\n\n\n\n<h2 class=\"wp-block-heading has-text-align-center has-text-color has-link-color has-large-font-size wp-elements-227afc6816a4473d47ac5e9d1118f854\" style=\"color:#07247b\"><strong>Nuestro equipo<\/strong><\/h2>\n\n\n\n<h3 class=\"wp-block-heading has-text-align-center has-black-color has-text-color has-link-color wp-elements-9f3f4a0f7b84689ebbd7fc8f67b2f5ed\"><strong>Especialistas en tecnolog\u00eda y comunicaci\u00f3n corporativa<\/strong><\/h3>\n\n\n\n<p class=\"has-text-align-center has-black-color has-text-color has-link-color wp-elements-5a978f71109e00d20aedec91f5ad9d4a\">Nuestro equipo multidisciplinar est\u00e1 formado por profesionales en programaci\u00f3n, comunicaci\u00f3n, dise\u00f1o, marketing y ventas, con una amplia experiencia apoyando a empresas en su transformaci\u00f3n digital y crecimiento tecnol\u00f3gico.<\/p>\n\n\n\n<div style=\"height:40px\" aria-hidden=\"true\" class=\"wp-block-spacer\"><\/div>\n<\/div><\/div>\n\n\n\n<div id=\"contacta\" class=\"wp-block-group container_width\"><div class=\"wp-block-group__inner-container is-layout-constrained wp-block-group-is-layout-constrained\">\n<div style=\"height:40px\" aria-hidden=\"true\" class=\"wp-block-spacer\"><\/div>\n\n\n\n<h2 class=\"wp-block-heading has-text-align-center has-text-color has-link-color has-large-font-size wp-elements-3148c292d42c7b5148ff382032b8dadf\" style=\"color:#07247b\"><strong>Contacta con AT INFORM\u00c0TICA<\/strong><\/h2>\n\n\n\n<p class=\"has-text-align-center has-black-color has-text-color has-link-color wp-elements-838571e00c0cb8c3ad80b73c64cb8767\">Trabajamos con empresas que quieren crecer y mejorar sus procesos a trav\u00e9s de la tecnolog\u00eda. Solicita ahora una <strong>asesor\u00eda inicial sin compromiso<\/strong>.<\/p>\n\n\n\n<p class=\"has-text-align-center has-black-color has-text-color has-link-color wp-elements-fb0ec754b45a6c0d9f7c7600c6572782\">Con sede en Girona, ofrecemos servicio a empresas de toda Catalu\u00f1a.<\/p>\n\n\n\n<div class=\"wp-block-buttons is-content-justification-center is-layout-flex wp-container-core-buttons-is-layout-16018d1d wp-block-buttons-is-layout-flex\">\n<div class=\"wp-block-button\"><a class=\"wp-block-button__link wp-element-button\" href=\"mailto:dev@atigirona.com\" target=\"_blank\" rel=\"noreferrer noopener nofollow\">Contacta<\/a><\/div>\n<\/div>\n\n\n\n<div style=\"height:40px\" aria-hidden=\"true\" class=\"wp-block-spacer\"><\/div>\n<\/div><\/div>\n","protected":false},"excerpt":{"rendered":"<p>Servicios para Empresas Impulsa la Transformaci\u00f3n Digital de tu Empresa En AT INFORM\u00c0TICA te ofrecemos soluciones personalizadas en dise\u00f1o web, mantenimiento inform\u00e1tico y marketing digital para hacer crecer tu empresa en el entorno digital. Nuestro equipo Especialistas en tecnolog\u00eda y comunicaci\u00f3n corporativa Nuestro equipo multidisciplinar est\u00e1 formado por profesionales en programaci\u00f3n, comunicaci\u00f3n, dise\u00f1o, marketing y [&hellip;]<\/p>\n","protected":false},"author":1,"featured_media":0,"parent":0,"menu_order":0,"comment_status":"closed","ping_status":"closed","template":"","meta":{"_acf_changed":false,"footnotes":""},"class_list":["post-223","page","type-page","status-publish","hentry"],"acf":[],"yoast_head":"<!-- This site is optimized with the Yoast SEO plugin v27.5 - https:\/\/yoast.com\/product\/yoast-seo-wordpress\/ -->\n<title>AT INFORM\u00c0TICA - Servicios inform\u00e1ticos para empresas en Girona<\/title>\n<meta name=\"description\" content=\"Soluciones inform\u00e1ticas para empresas en Girona: desarrollo web, marketing digital, consultor\u00eda TIC y soporte t\u00e9cnico profesional adaptado a tu negocio.\" \/>\n<meta name=\"robots\" content=\"index, follow, max-snippet:-1, max-image-preview:large, max-video-preview:-1\" \/>\n<link rel=\"canonical\" href=\"https:\/\/atigirona.com\/es\/\" \/>\n<meta property=\"og:locale\" content=\"es_ES\" \/>\n<meta property=\"og:type\" content=\"article\" \/>\n<meta property=\"og:title\" content=\"AT INFORM\u00c0TICA - Servicios inform\u00e1ticos para empresas en Girona\" \/>\n<meta property=\"og:description\" content=\"Soluciones inform\u00e1ticas para empresas en Girona: desarrollo web, marketing digital, consultor\u00eda TIC y soporte t\u00e9cnico profesional adaptado a tu negocio.\" \/>\n<meta property=\"og:url\" content=\"https:\/\/atigirona.com\/es\/\" \/>\n<meta property=\"og:site_name\" content=\"AT INFORM\u00c0TICA\" \/>\n<meta property=\"article:modified_time\" content=\"2026-02-13T11:00:58+00:00\" \/>\n<meta property=\"og:image\" content=\"https:\/\/atigirona.com\/wp-content\/uploads\/2025\/05\/atigirona_header_home.jpg\" \/>\n\t<meta property=\"og:image:width\" content=\"1920\" \/>\n\t<meta property=\"og:image:height\" content=\"851\" \/>\n\t<meta property=\"og:image:type\" content=\"image\/jpeg\" \/>\n<meta name=\"twitter:card\" content=\"summary_large_image\" \/>\n<meta name=\"twitter:label1\" content=\"Tiempo de lectura\" \/>\n\t<meta name=\"twitter:data1\" content=\"4 minutos\" \/>\n<script type=\"application\/ld+json\" class=\"yoast-schema-graph\">{\"@context\":\"https:\\\/\\\/schema.org\",\"@graph\":[{\"@type\":\"WebPage\",\"@id\":\"https:\\\/\\\/atigirona.com\\\/es\\\/\",\"url\":\"https:\\\/\\\/atigirona.com\\\/es\\\/\",\"name\":\"AT INFORM\u00c0TICA - Servicios inform\u00e1ticos para empresas en Girona\",\"isPartOf\":{\"@id\":\"https:\\\/\\\/atigirona.com\\\/es\\\/#website\"},\"primaryImageOfPage\":{\"@id\":\"https:\\\/\\\/atigirona.com\\\/es\\\/#primaryimage\"},\"image\":{\"@id\":\"https:\\\/\\\/atigirona.com\\\/es\\\/#primaryimage\"},\"thumbnailUrl\":\"https:\\\/\\\/atigirona.com\\\/wp-content\\\/uploads\\\/2025\\\/05\\\/atigirona_header_home-1024x454.jpg\",\"datePublished\":\"2025-05-30T08:06:25+00:00\",\"dateModified\":\"2026-02-13T11:00:58+00:00\",\"description\":\"Soluciones inform\u00e1ticas para empresas en Girona: desarrollo web, marketing digital, consultor\u00eda TIC y soporte t\u00e9cnico profesional adaptado a tu negocio.\",\"breadcrumb\":{\"@id\":\"https:\\\/\\\/atigirona.com\\\/es\\\/#breadcrumb\"},\"inLanguage\":\"es\",\"potentialAction\":[{\"@type\":\"ReadAction\",\"target\":[\"https:\\\/\\\/atigirona.com\\\/es\\\/\"]}]},{\"@type\":\"ImageObject\",\"inLanguage\":\"es\",\"@id\":\"https:\\\/\\\/atigirona.com\\\/es\\\/#primaryimage\",\"url\":\"https:\\\/\\\/atigirona.com\\\/wp-content\\\/uploads\\\/2025\\\/05\\\/atigirona_header_home-1024x454.jpg\",\"contentUrl\":\"https:\\\/\\\/atigirona.com\\\/wp-content\\\/uploads\\\/2025\\\/05\\\/atigirona_header_home-1024x454.jpg\"},{\"@type\":\"BreadcrumbList\",\"@id\":\"https:\\\/\\\/atigirona.com\\\/es\\\/#breadcrumb\",\"itemListElement\":[{\"@type\":\"ListItem\",\"position\":1,\"name\":\"Inici\",\"item\":\"https:\\\/\\\/atigirona.com\\\/es\\\/\"},{\"@type\":\"ListItem\",\"position\":2,\"name\":\"Inicio\"}]},{\"@type\":\"WebSite\",\"@id\":\"https:\\\/\\\/atigirona.com\\\/es\\\/#website\",\"url\":\"https:\\\/\\\/atigirona.com\\\/es\\\/\",\"name\":\"AT INFORM\u00c0TICA\",\"description\":\"Solucions Web, Manteniment i M\u00e0rqueting Digital a Girona\",\"publisher\":{\"@id\":\"https:\\\/\\\/atigirona.com\\\/es\\\/#organization\"},\"potentialAction\":[{\"@type\":\"SearchAction\",\"target\":{\"@type\":\"EntryPoint\",\"urlTemplate\":\"https:\\\/\\\/atigirona.com\\\/es\\\/?s={search_term_string}\"},\"query-input\":{\"@type\":\"PropertyValueSpecification\",\"valueRequired\":true,\"valueName\":\"search_term_string\"}}],\"inLanguage\":\"es\"},{\"@type\":\"Organization\",\"@id\":\"https:\\\/\\\/atigirona.com\\\/es\\\/#organization\",\"name\":\"AT INFORM\u00c0TICA\",\"url\":\"https:\\\/\\\/atigirona.com\\\/es\\\/\",\"logo\":{\"@type\":\"ImageObject\",\"inLanguage\":\"es\",\"@id\":\"https:\\\/\\\/atigirona.com\\\/es\\\/#\\\/schema\\\/logo\\\/image\\\/\",\"url\":\"https:\\\/\\\/atigirona.com\\\/wp-content\\\/uploads\\\/2025\\\/05\\\/logo_at_menu.svg\",\"contentUrl\":\"https:\\\/\\\/atigirona.com\\\/wp-content\\\/uploads\\\/2025\\\/05\\\/logo_at_menu.svg\",\"caption\":\"AT INFORM\u00c0TICA\"},\"image\":{\"@id\":\"https:\\\/\\\/atigirona.com\\\/es\\\/#\\\/schema\\\/logo\\\/image\\\/\"}}]}<\/script>\n<!-- \/ Yoast SEO plugin. -->","yoast_head_json":{"title":"AT INFORM\u00c0TICA - Servicios inform\u00e1ticos para empresas en Girona","description":"Soluciones inform\u00e1ticas para empresas en Girona: desarrollo web, marketing digital, consultor\u00eda TIC y soporte t\u00e9cnico profesional adaptado a tu negocio.","robots":{"index":"index","follow":"follow","max-snippet":"max-snippet:-1","max-image-preview":"max-image-preview:large","max-video-preview":"max-video-preview:-1"},"canonical":"https:\/\/atigirona.com\/es\/","og_locale":"es_ES","og_type":"article","og_title":"AT INFORM\u00c0TICA - Servicios inform\u00e1ticos para empresas en Girona","og_description":"Soluciones inform\u00e1ticas para empresas en Girona: desarrollo web, marketing digital, consultor\u00eda TIC y soporte t\u00e9cnico profesional adaptado a tu negocio.","og_url":"https:\/\/atigirona.com\/es\/","og_site_name":"AT INFORM\u00c0TICA","article_modified_time":"2026-02-13T11:00:58+00:00","og_image":[{"width":1920,"height":851,"url":"https:\/\/atigirona.com\/wp-content\/uploads\/2025\/05\/atigirona_header_home.jpg","type":"image\/jpeg"}],"twitter_card":"summary_large_image","twitter_misc":{"Tiempo de lectura":"4 minutos"},"schema":{"@context":"https:\/\/schema.org","@graph":[{"@type":"WebPage","@id":"https:\/\/atigirona.com\/es\/","url":"https:\/\/atigirona.com\/es\/","name":"AT INFORM\u00c0TICA - Servicios inform\u00e1ticos para empresas en Girona","isPartOf":{"@id":"https:\/\/atigirona.com\/es\/#website"},"primaryImageOfPage":{"@id":"https:\/\/atigirona.com\/es\/#primaryimage"},"image":{"@id":"https:\/\/atigirona.com\/es\/#primaryimage"},"thumbnailUrl":"https:\/\/atigirona.com\/wp-content\/uploads\/2025\/05\/atigirona_header_home-1024x454.jpg","datePublished":"2025-05-30T08:06:25+00:00","dateModified":"2026-02-13T11:00:58+00:00","description":"Soluciones inform\u00e1ticas para empresas en Girona: desarrollo web, marketing digital, consultor\u00eda TIC y soporte t\u00e9cnico profesional adaptado a tu negocio.","breadcrumb":{"@id":"https:\/\/atigirona.com\/es\/#breadcrumb"},"inLanguage":"es","potentialAction":[{"@type":"ReadAction","target":["https:\/\/atigirona.com\/es\/"]}]},{"@type":"ImageObject","inLanguage":"es","@id":"https:\/\/atigirona.com\/es\/#primaryimage","url":"https:\/\/atigirona.com\/wp-content\/uploads\/2025\/05\/atigirona_header_home-1024x454.jpg","contentUrl":"https:\/\/atigirona.com\/wp-content\/uploads\/2025\/05\/atigirona_header_home-1024x454.jpg"},{"@type":"BreadcrumbList","@id":"https:\/\/atigirona.com\/es\/#breadcrumb","itemListElement":[{"@type":"ListItem","position":1,"name":"Inici","item":"https:\/\/atigirona.com\/es\/"},{"@type":"ListItem","position":2,"name":"Inicio"}]},{"@type":"WebSite","@id":"https:\/\/atigirona.com\/es\/#website","url":"https:\/\/atigirona.com\/es\/","name":"AT INFORM\u00c0TICA","description":"Solucions Web, Manteniment i M\u00e0rqueting Digital a Girona","publisher":{"@id":"https:\/\/atigirona.com\/es\/#organization"},"potentialAction":[{"@type":"SearchAction","target":{"@type":"EntryPoint","urlTemplate":"https:\/\/atigirona.com\/es\/?s={search_term_string}"},"query-input":{"@type":"PropertyValueSpecification","valueRequired":true,"valueName":"search_term_string"}}],"inLanguage":"es"},{"@type":"Organization","@id":"https:\/\/atigirona.com\/es\/#organization","name":"AT INFORM\u00c0TICA","url":"https:\/\/atigirona.com\/es\/","logo":{"@type":"ImageObject","inLanguage":"es","@id":"https:\/\/atigirona.com\/es\/#\/schema\/logo\/image\/","url":"https:\/\/atigirona.com\/wp-content\/uploads\/2025\/05\/logo_at_menu.svg","contentUrl":"https:\/\/atigirona.com\/wp-content\/uploads\/2025\/05\/logo_at_menu.svg","caption":"AT INFORM\u00c0TICA"},"image":{"@id":"https:\/\/atigirona.com\/es\/#\/schema\/logo\/image\/"}}]}},"_links":{"self":[{"href":"https:\/\/atigirona.com\/es\/wp-json\/wp\/v2\/pages\/223","targetHints":{"allow":["GET"]}}],"collection":[{"href":"https:\/\/atigirona.com\/es\/wp-json\/wp\/v2\/pages"}],"about":[{"href":"https:\/\/atigirona.com\/es\/wp-json\/wp\/v2\/types\/page"}],"author":[{"embeddable":true,"href":"https:\/\/atigirona.com\/es\/wp-json\/wp\/v2\/users\/1"}],"replies":[{"embeddable":true,"href":"https:\/\/atigirona.com\/es\/wp-json\/wp\/v2\/comments?post=223"}],"version-history":[{"count":7,"href":"https:\/\/atigirona.com\/es\/wp-json\/wp\/v2\/pages\/223\/revisions"}],"predecessor-version":[{"id":279,"href":"https:\/\/atigirona.com\/es\/wp-json\/wp\/v2\/pages\/223\/revisions\/279"}],"wp:attachment":[{"href":"https:\/\/atigirona.com\/es\/wp-json\/wp\/v2\/media?parent=223"}],"curies":[{"name":"wp","href":"https:\/\/api.w.org\/{rel}","templated":true}]}}