{"id":35,"date":"2021-07-15T09:12:41","date_gmt":"2021-07-15T09:12:41","guid":{"rendered":"https:\/\/atigirona.com\/?page_id=35"},"modified":"2025-05-30T10:39:48","modified_gmt":"2025-05-30T10:39:48","slug":"politica-de-privacitat-xarxes-socials","status":"publish","type":"page","link":"https:\/\/atigirona.com\/ca\/politica-de-privacitat-xarxes-socials\/","title":{"rendered":"Pol\u00edtica de Privacitat &#8211; Xarxes Socials"},"content":{"rendered":"\n<p>De conformitat amb l\u2019establert en la normativa vigent i aplicable de protecci\u00f3 de dades de car\u00e0cter personal i la Llei 34\/2002, d\u201911 de juliol, de Serveis de la Societat de la Informaci\u00f3 i de Comer\u00e7 Electr\u00f2nic (LSSI-CE), AT INFORM\u00c0TICA SCCL informa als usuaris, que ha procedit a crear un perfil en les Xarxes Socials Facebook, Tuenti, Twitter, Instagram, Flickr, Pinterest, Linkedin, Foursquare, YouTube, amb la finalitat principal de publicar els seus productes i serveis.<\/p>\n\n\n\n<p>Dades d\u2019AT INFORM\u00c0TICA SCCL:<\/p>\n\n\n\n<ul class=\"wp-block-list\">\n<li>NIF: F17517376<\/li>\n\n\n\n<li>ADRE\u00c7A POSTAL: CARRER MANUEL CARRASO I FORMIGUERA, 17 \u2013 17007 GIRONA<\/li>\n\n\n\n<li>CORREU ELCTR\u00d2NIC: <a rel=\"noreferrer noopener\" href=\"mailto:legal@atigirona.com\" target=\"_blank\" data-type=\"mailto\" data-id=\"mailto:legal@atigirona.com\">legal@atigirona.com<\/a><\/li>\n\n\n\n<li>DOMINI WEB: <a href=\"https:\/\/atigirona.com\">www.atigirona.com<\/a><\/li>\n<\/ul>\n\n\n\n<p>L\u2019usuari disposa d\u2019un perfil en la mateixa Xarxa Social i ha decidit unir-se a la p\u00e0gina creada per AT INFORM\u00c0TICA SCCL, mostrant aix\u00ed inter\u00e8s en la informaci\u00f3 que es publiciti a la Xarxa. A l\u2019unir-se a la nostra p\u00e0gina, ens facilita al vostre consentiment per al tractament d\u2019aquelles dades personals publicades en el vostre perfil.<\/p>\n\n\n\n<p>L\u2019usuari pot accedir en tot moment a les pol\u00edtiques de privacitat de la pr\u00f2pia Xarxa Social, aix\u00ed com configurar el vostre perfil per a garantir la seva privacitat.<\/p>\n\n\n\n<p>AT INFORM\u00c0TICA SCCL t\u00e9 acc\u00e9s i tracta aquella informaci\u00f3 p\u00fablica de l\u2019usuari, en especial, el nom de contacte. Aquestes dades, nom\u00e9s s\u00f3n utilitzats dins de la pr\u00f2pia Xarxa Social. No s\u00f3n incorporades a cap sistema de tractament.<\/p>\n\n\n\n<p><strong>Drets dels interessats<\/strong><\/p>\n\n\n\n<p>En relaci\u00f3 als drets d\u2019acc\u00e9s, rectificaci\u00f3, limitaci\u00f3 de tractament, supressi\u00f3, portabilitat i oposici\u00f3 al tractament de les vostres dades de car\u00e0cter personal, dels que disposeu i que pot ser exercitat davant AT INFORM\u00c0TICA SCCL, d\u2019acord amb el RGPD, ha de tenir en compte les seg\u00fcents matisos:<\/p>\n\n\n\n<ul class=\"wp-block-list\">\n<li><strong><u>Dret d\u2019Acc\u00e9s<\/u><\/strong>: \u00c9s el dret de l\u2019usuari a obtenir informaci\u00f3 sobre les vostres dades concretes de car\u00e0cter personal i del tractament que s\u2019hagi realitzat o realitzi, aix\u00ed com de la informaci\u00f3 disponible sobre l\u2019origen de les dades esmentades i les comunicacions realitzades o previstes de les mateixes.<\/li>\n\n\n\n<li><strong><u>Dret de Rectificaci\u00f3<\/u><\/strong>: \u00c9s el dret de l\u2019afectat a que es modifiquin les dades que resultin ser inexactes o incompletes. Nom\u00e9s podr\u00e0 satisfer-se en relaci\u00f3 a aquella informaci\u00f3 que es trobi sota el control d\u2019AT INFORM\u00c0TICA SCCL, per exemple, eliminar comentaris publicats en la pr\u00f2pia p\u00e0gina, imatges o continguts Web on consten dades de car\u00e0cter personal de l\u2019usuari.<\/li>\n\n\n\n<li><strong><u>Dret a la Limitaci\u00f3 de tractament<\/u><\/strong>: \u00c9s el dret a que es limitin les finalitats del tractament previstes de forma original pel responsable del tractament.<\/li>\n\n\n\n<li><strong><u>Dret de Supressi\u00f3<\/u><\/strong>: \u00c9s el dret a suprimir les dades de car\u00e0cter personal de l\u2019usuari, a excepci\u00f3 del previst en el propi RGPD o en altres normatives aplicables que determinen l\u2019obligatorietat de la conservaci\u00f3 dels mateixos, en temps i forma.<\/li>\n\n\n\n<li><strong><u>Dret de Portabilitat<\/u><\/strong>: \u00c9s el dret a rebre les dades personals que l\u2019usuari hagi facilitat en un format estructurat, d\u2019\u00fas com\u00fa i lectura mec\u00e0nica, i a transmetre\u2019ls a altra responsable.<\/li>\n\n\n\n<li><strong><u>Dret d\u2019Oposici\u00f3<\/u><\/strong>: \u00c9s el dret de l\u2019usuari a que no es porti a terme el tractament de les vostres dades de car\u00e0cter personal o es cessi el tractament de les mateixes per part d\u2019AT INFORM\u00c0TICA SCCL.<\/li>\n<\/ul>\n\n\n\n<p>AT INFORM\u00c0TICA SCCL realitzar\u00e0 les seg\u00fcents actuacions:<\/p>\n\n\n\n<ul class=\"wp-block-list\">\n<li>Acc\u00e9s a la informaci\u00f3 p\u00fablica del perfil<\/li>\n\n\n\n<li>Publicaci\u00f3 en el perfil de l\u2019usuari de tota aquella informaci\u00f3 ja publicada en la p\u00e0gina d\u2019AT INFORM\u00c0TICA SCCL.<\/li>\n\n\n\n<li>Enviar missatges personals i individuals a trav\u00e9s dels canals de la Xarxa Social.<\/li>\n\n\n\n<li>Actualitzacions de l\u2019estat de la p\u00e0gina que es publicaran en el perfil de l\u2019usuari.<\/li>\n<\/ul>\n\n\n\n<p>L\u2019usuari sempre pot controlar les seves connexions, eliminar els continguts que deixin d\u2019interessar-li i restringir amb qui comparteix les seves connexions, per la qual haur\u00e0 d\u2019accedir a la seva configuraci\u00f3 de privacitat.<\/p>\n\n\n\n<p><strong>Publicacions<\/strong><\/p>\n\n\n\n<p>L\u2019usuari, una cop unit a la p\u00e0gina d\u2019AT INFORM\u00c0TICA SCCL, podr\u00e0 publicar en aquesta \u00faltima comentaris, enlla\u00e7os, imatges o fotografies o qualsevol altra tipus de contingut multim\u00e8dia suportat per la Xarxa Social. L\u2019usuari, en tots els casos, ha de ser el titular dels mateixos, gaudir dels drets d\u2019autor i de propietat intel\u00b7lectual o comptar amb el consentiment dels tercers afectats. Es prohibeix expressament qualsevol publicaci\u00f3 en la p\u00e0gina, ja siguin textos, gr\u00e0fics, fotografies, v\u00eddeos,&#8230; que atemptin o siguin susceptibles d\u2019atemptar contra la moral, \u00e8tica, bon gust o dec\u00f2rum, i\/o infringeixin, violin o infringeixin els drets de propietat intel\u00b7lectual o industrial, el dret a la imatge o la Llei. En aquests casos, AT INFORM\u00c0TICA SCCL es reserva el dret a retirar d\u2019immediat el contingut, podent sol\u00b7licitar el bloqueig permanent de l\u2019usuari.<\/p>\n\n\n\n<p>AT INFORM\u00c0TICA SCCL no es far\u00e0 responsable dels continguts que lliurement ha publicat un usuari.<\/p>\n\n\n\n<p>L\u2019usuari ha de tenir present que les seves publicacions seran conegudes per altres usuaris, per la qual cosa ell mateix \u00e9s el principal responsable de la seva privacitat.<\/p>\n\n\n\n<p>Les imatges que puguin publicar-se en la p\u00e0gina no seran emmagatzemades en cap sistema de tractament per part d\u2019AT INFORM\u00c0TICA SCCL, per\u00f2 s\u00ed que romandran a la Xarxa Social.<\/p>\n\n\n\n<p><strong>Concursos i promocions<\/strong><\/p>\n\n\n\n<p>AT INFORM\u00c0TICA SCCL es reserva el dret a realitzar concursos i promocions, en els que podr\u00e0 participar l\u2019usuari unit a la seva p\u00e0gina. Les bases de cadascun d\u2019ells, quan s\u2019utilitzi per a ell la plataforma de la Xarxa Social, seran publicades en la mateixa. Complint sempre amb la LSSI-CE i amb qualsevol altra norma que li sigui d\u2019aplicaci\u00f3.<\/p>\n\n\n\n<p>La Xarxa Social no patrocina, avala ni administra, de cap manera, cap de les nostre promocions, ni est\u00e0 associada a cap d\u2019elles.<\/p>\n\n\n\n<p><strong>Publicitat<\/strong><\/p>\n\n\n\n<p>AT INFORM\u00c0TICA SCCL utilitzar\u00e0 la Xarxa Social per a publicar els seus productes i serveis, en tot cas, si decideix tractar les vostres dades de contacte per realitzar accions directes de prospecci\u00f3 comercial, ser\u00e0 sempre, complint amb les exig\u00e8ncies legals del RGPD i de la LSSI-CE-<\/p>\n\n\n\n<p>No es considerar\u00e0 publicitat el fet de recompensar a altres usuaris la p\u00e0gina d\u2019AT INFORM\u00c0TICA SCCL pel qual tamb\u00e9 ells podran gaudir de les promocions o estar informats de la seva activitat.<\/p>\n\n\n\n<p>A continuaci\u00f3 detallem l\u2019enlla\u00e7 a la pol\u00edtica de privacitat de la Xarxa Social:<\/p>\n\n\n\n<ul class=\"wp-block-list\">\n<li>Facebook: <a href=\"https:\/\/es-es-facebook.com\/privacy\/explanation\">https:\/\/es-es-facebook.com\/privacy\/explanation<\/a><\/li>\n\n\n\n<li>Tuenti: <a href=\"https:\/\/m.tuenti.com\/?m=corporate&amp;func=terms_of_use\">https:\/\/m.tuenti.com\/?m=corporate&amp;func=terms_of_use<\/a><\/li>\n\n\n\n<li>Twitter: <a href=\"https:\/\/twuitter.com\/privacy\">https:\/\/twuitter.com\/privacy<\/a><\/li>\n\n\n\n<li>Instagram: <a href=\"http:\/\/instagram.com\/about\/legal\/privacy\/\">http:\/\/instagram.com\/about\/legal\/privacy\/<\/a><\/li>\n\n\n\n<li>Flickr: <a href=\"http:\/\/info.yahoo.com\/privacy\/es\/yahoo\/flickr\/\">http:\/\/info.yahoo.com\/privacy\/es\/yahoo\/flickr\/<\/a><\/li>\n\n\n\n<li>Pinterest: <a href=\"https:\/\/policy.pinterest.com\/es\/privacy-policy\">https:\/\/policy.pinterest.com\/es\/privacy-policy<\/a><\/li>\n\n\n\n<li>Linkedin: <a href=\"https:\/\/linkedin.com\/legal\/privacy-policy?trk=hb_ft_priv\">https:\/\/linkedin.com\/legal\/privacy-policy?trk=hb_ft_priv<\/a><\/li>\n\n\n\n<li>Foursquare: <a href=\"https:\/\/es.foursquare.com\/legal\/privacy\">https:\/\/es.foursquare.com\/legal\/privacy<\/a><\/li>\n\n\n\n<li>YouTube: <a href=\"https:\/\/www.youtube.com\/intl\/es\/about\/policies\/#community-guidelines\">https:\/\/www.youtube.com\/intl\/es\/about\/policies\/#community-guidelines<\/a><\/li>\n<\/ul>\n\n\n\n<p>\u00daLTIMA ACTUALITZACIO: 22\/10\/2023<\/p>\n","protected":false},"excerpt":{"rendered":"<p>De conformitat amb l\u2019establert en la normativa vigent i aplicable de protecci\u00f3 de dades de car\u00e0cter personal i la Llei 34\/2002, d\u201911 de juliol, de Serveis de la Societat de la Informaci\u00f3 i de Comer\u00e7 Electr\u00f2nic (LSSI-CE), AT INFORM\u00c0TICA SCCL informa als usuaris, que ha procedit a crear un perfil en les Xarxes Socials Facebook, [&hellip;]<\/p>\n","protected":false},"author":1,"featured_media":0,"parent":0,"menu_order":300,"comment_status":"closed","ping_status":"closed","template":"page-templates\/page-legal.php","meta":{"_acf_changed":false,"footnotes":""},"class_list":["post-35","page","type-page","status-publish","hentry"],"acf":[],"yoast_head":"<!-- This site is optimized with the Yoast SEO plugin v27.3 - https:\/\/yoast.com\/product\/yoast-seo-wordpress\/ -->\n<title>Pol\u00edtica de Privacitat - Xarxes Socials - AT INFORM\u00c0TICA<\/title>\n<meta name=\"robots\" content=\"noindex, nofollow\" \/>\n<meta property=\"og:locale\" content=\"ca_ES\" \/>\n<meta property=\"og:type\" content=\"article\" \/>\n<meta property=\"og:title\" content=\"Pol\u00edtica de Privacitat - Xarxes Socials - AT INFORM\u00c0TICA\" \/>\n<meta property=\"og:description\" content=\"De conformitat amb l\u2019establert en la normativa vigent i aplicable de protecci\u00f3 de dades de car\u00e0cter personal i la Llei 34\/2002, d\u201911 de juliol, de Serveis de la Societat de la Informaci\u00f3 i de Comer\u00e7 Electr\u00f2nic (LSSI-CE), AT INFORM\u00c0TICA SCCL informa als usuaris, que ha procedit a crear un perfil en les Xarxes Socials Facebook, [&hellip;]\" \/>\n<meta property=\"og:url\" content=\"https:\/\/atigirona.com\/ca\/politica-de-privacitat-xarxes-socials\/\" \/>\n<meta property=\"og:site_name\" content=\"AT INFORM\u00c0TICA\" \/>\n<meta property=\"article:modified_time\" content=\"2025-05-30T10:39:48+00:00\" \/>\n<meta name=\"twitter:card\" content=\"summary_large_image\" \/>\n<meta name=\"twitter:label1\" content=\"Temps estimat de lectura\" \/>\n\t<meta name=\"twitter:data1\" content=\"6 minuts\" \/>\n<script type=\"application\/ld+json\" class=\"yoast-schema-graph\">{\"@context\":\"https:\\\/\\\/schema.org\",\"@graph\":[{\"@type\":\"WebPage\",\"@id\":\"https:\\\/\\\/atigirona.com\\\/ca\\\/politica-de-privacitat-xarxes-socials\\\/\",\"url\":\"https:\\\/\\\/atigirona.com\\\/ca\\\/politica-de-privacitat-xarxes-socials\\\/\",\"name\":\"Pol\u00edtica de Privacitat - Xarxes Socials - AT INFORM\u00c0TICA\",\"isPartOf\":{\"@id\":\"https:\\\/\\\/atigirona.com\\\/ca\\\/#website\"},\"datePublished\":\"2021-07-15T09:12:41+00:00\",\"dateModified\":\"2025-05-30T10:39:48+00:00\",\"breadcrumb\":{\"@id\":\"https:\\\/\\\/atigirona.com\\\/ca\\\/politica-de-privacitat-xarxes-socials\\\/#breadcrumb\"},\"inLanguage\":\"ca\",\"potentialAction\":[{\"@type\":\"ReadAction\",\"target\":[\"https:\\\/\\\/atigirona.com\\\/ca\\\/politica-de-privacitat-xarxes-socials\\\/\"]}]},{\"@type\":\"BreadcrumbList\",\"@id\":\"https:\\\/\\\/atigirona.com\\\/ca\\\/politica-de-privacitat-xarxes-socials\\\/#breadcrumb\",\"itemListElement\":[{\"@type\":\"ListItem\",\"position\":1,\"name\":\"Inici\",\"item\":\"https:\\\/\\\/atigirona.com\\\/ca\\\/\"},{\"@type\":\"ListItem\",\"position\":2,\"name\":\"Pol\u00edtica de Privacitat &#8211; Xarxes Socials\"}]},{\"@type\":\"WebSite\",\"@id\":\"https:\\\/\\\/atigirona.com\\\/ca\\\/#website\",\"url\":\"https:\\\/\\\/atigirona.com\\\/ca\\\/\",\"name\":\"AT INFORM\u00c0TICA\",\"description\":\"Solucions Web, Manteniment i M\u00e0rqueting Digital a Girona\",\"publisher\":{\"@id\":\"https:\\\/\\\/atigirona.com\\\/ca\\\/#organization\"},\"potentialAction\":[{\"@type\":\"SearchAction\",\"target\":{\"@type\":\"EntryPoint\",\"urlTemplate\":\"https:\\\/\\\/atigirona.com\\\/ca\\\/?s={search_term_string}\"},\"query-input\":{\"@type\":\"PropertyValueSpecification\",\"valueRequired\":true,\"valueName\":\"search_term_string\"}}],\"inLanguage\":\"ca\"},{\"@type\":\"Organization\",\"@id\":\"https:\\\/\\\/atigirona.com\\\/ca\\\/#organization\",\"name\":\"AT INFORM\u00c0TICA\",\"url\":\"https:\\\/\\\/atigirona.com\\\/ca\\\/\",\"logo\":{\"@type\":\"ImageObject\",\"inLanguage\":\"ca\",\"@id\":\"https:\\\/\\\/atigirona.com\\\/ca\\\/#\\\/schema\\\/logo\\\/image\\\/\",\"url\":\"https:\\\/\\\/atigirona.com\\\/wp-content\\\/uploads\\\/2025\\\/05\\\/logo_at_menu.svg\",\"contentUrl\":\"https:\\\/\\\/atigirona.com\\\/wp-content\\\/uploads\\\/2025\\\/05\\\/logo_at_menu.svg\",\"caption\":\"AT INFORM\u00c0TICA\"},\"image\":{\"@id\":\"https:\\\/\\\/atigirona.com\\\/ca\\\/#\\\/schema\\\/logo\\\/image\\\/\"}}]}<\/script>\n<!-- \/ Yoast SEO plugin. -->","yoast_head_json":{"title":"Pol\u00edtica de Privacitat - Xarxes Socials - AT INFORM\u00c0TICA","robots":{"index":"noindex","follow":"nofollow"},"og_locale":"ca_ES","og_type":"article","og_title":"Pol\u00edtica de Privacitat - Xarxes Socials - AT INFORM\u00c0TICA","og_description":"De conformitat amb l\u2019establert en la normativa vigent i aplicable de protecci\u00f3 de dades de car\u00e0cter personal i la Llei 34\/2002, d\u201911 de juliol, de Serveis de la Societat de la Informaci\u00f3 i de Comer\u00e7 Electr\u00f2nic (LSSI-CE), AT INFORM\u00c0TICA SCCL informa als usuaris, que ha procedit a crear un perfil en les Xarxes Socials Facebook, [&hellip;]","og_url":"https:\/\/atigirona.com\/ca\/politica-de-privacitat-xarxes-socials\/","og_site_name":"AT INFORM\u00c0TICA","article_modified_time":"2025-05-30T10:39:48+00:00","twitter_card":"summary_large_image","twitter_misc":{"Temps estimat de lectura":"6 minuts"},"schema":{"@context":"https:\/\/schema.org","@graph":[{"@type":"WebPage","@id":"https:\/\/atigirona.com\/ca\/politica-de-privacitat-xarxes-socials\/","url":"https:\/\/atigirona.com\/ca\/politica-de-privacitat-xarxes-socials\/","name":"Pol\u00edtica de Privacitat - Xarxes Socials - AT INFORM\u00c0TICA","isPartOf":{"@id":"https:\/\/atigirona.com\/ca\/#website"},"datePublished":"2021-07-15T09:12:41+00:00","dateModified":"2025-05-30T10:39:48+00:00","breadcrumb":{"@id":"https:\/\/atigirona.com\/ca\/politica-de-privacitat-xarxes-socials\/#breadcrumb"},"inLanguage":"ca","potentialAction":[{"@type":"ReadAction","target":["https:\/\/atigirona.com\/ca\/politica-de-privacitat-xarxes-socials\/"]}]},{"@type":"BreadcrumbList","@id":"https:\/\/atigirona.com\/ca\/politica-de-privacitat-xarxes-socials\/#breadcrumb","itemListElement":[{"@type":"ListItem","position":1,"name":"Inici","item":"https:\/\/atigirona.com\/ca\/"},{"@type":"ListItem","position":2,"name":"Pol\u00edtica de Privacitat &#8211; Xarxes Socials"}]},{"@type":"WebSite","@id":"https:\/\/atigirona.com\/ca\/#website","url":"https:\/\/atigirona.com\/ca\/","name":"AT INFORM\u00c0TICA","description":"Solucions Web, Manteniment i M\u00e0rqueting Digital a Girona","publisher":{"@id":"https:\/\/atigirona.com\/ca\/#organization"},"potentialAction":[{"@type":"SearchAction","target":{"@type":"EntryPoint","urlTemplate":"https:\/\/atigirona.com\/ca\/?s={search_term_string}"},"query-input":{"@type":"PropertyValueSpecification","valueRequired":true,"valueName":"search_term_string"}}],"inLanguage":"ca"},{"@type":"Organization","@id":"https:\/\/atigirona.com\/ca\/#organization","name":"AT INFORM\u00c0TICA","url":"https:\/\/atigirona.com\/ca\/","logo":{"@type":"ImageObject","inLanguage":"ca","@id":"https:\/\/atigirona.com\/ca\/#\/schema\/logo\/image\/","url":"https:\/\/atigirona.com\/wp-content\/uploads\/2025\/05\/logo_at_menu.svg","contentUrl":"https:\/\/atigirona.com\/wp-content\/uploads\/2025\/05\/logo_at_menu.svg","caption":"AT INFORM\u00c0TICA"},"image":{"@id":"https:\/\/atigirona.com\/ca\/#\/schema\/logo\/image\/"}}]}},"_links":{"self":[{"href":"https:\/\/atigirona.com\/ca\/wp-json\/wp\/v2\/pages\/35","targetHints":{"allow":["GET"]}}],"collection":[{"href":"https:\/\/atigirona.com\/ca\/wp-json\/wp\/v2\/pages"}],"about":[{"href":"https:\/\/atigirona.com\/ca\/wp-json\/wp\/v2\/types\/page"}],"author":[{"embeddable":true,"href":"https:\/\/atigirona.com\/ca\/wp-json\/wp\/v2\/users\/1"}],"replies":[{"embeddable":true,"href":"https:\/\/atigirona.com\/ca\/wp-json\/wp\/v2\/comments?post=35"}],"version-history":[{"count":1,"href":"https:\/\/atigirona.com\/ca\/wp-json\/wp\/v2\/pages\/35\/revisions"}],"predecessor-version":[{"id":133,"href":"https:\/\/atigirona.com\/ca\/wp-json\/wp\/v2\/pages\/35\/revisions\/133"}],"wp:attachment":[{"href":"https:\/\/atigirona.com\/ca\/wp-json\/wp\/v2\/media?parent=35"}],"curies":[{"name":"wp","href":"https:\/\/api.w.org\/{rel}","templated":true}]}}