{"id":3,"date":"2021-06-02T16:48:15","date_gmt":"2021-06-02T16:48:15","guid":{"rendered":"https:\/\/atigirona.com\/?page_id=3"},"modified":"2025-05-30T10:39:39","modified_gmt":"2025-05-30T10:39:39","slug":"politica-de-privacitat","status":"publish","type":"page","link":"https:\/\/atigirona.com\/ca\/politica-de-privacitat\/","title":{"rendered":"Pol\u00edtica de Privacitat"},"content":{"rendered":"\n<p>Dades del propietari del web:<\/p>\n\n\n\n<figure class=\"wp-block-table\"><table><tbody><tr><td>RA\u00d3 SOCIAL<\/td><td>AT INFORMATICA, SCCL<\/td><\/tr><tr><td>NIF<\/td><td>F17517376<\/td><\/tr><tr><td>DIRECCI\u00d3 POSTAL<\/td><td>CARRER MANUEL CARRASCO FURMIGUERA, 17 17007, GIRONA<\/td><\/tr><tr><td>DIRECCI\u00d3 ELECTR\u00d2NICA<\/td><td><a href=\"mailto:legal@atigirona.com\" target=\"_blank\" rel=\"noreferrer noopener\">legal@atigirona.com<\/a><\/td><\/tr><tr><td>REGISTRE MERCANTIL<\/td><td>Full GN602 \u2013 Inscripci\u00f3 1 \u2013 Data 28\/08\/1997 en el Registre General de Cooperatives i Societats An\u00f2nimes Laborals del Departament de Treball<\/td><\/tr><tr><td>OBJECTE PRINCIPAL<\/td><td>Manteniment hardware, software, serveis web i backup<\/td><\/tr><tr><td><\/td><td><\/td><\/tr><\/tbody><\/table><\/figure>\n\n\n\n<p>Protecci\u00f3 de dades<\/p>\n\n\n\n<p>De conformitat amb la normativa vigent i aplicable en protecci\u00f3 de dades de car\u00e0cter personal, us informem que les seves dades seran incorporades al sistema de tractament titularitat d\u2019AT INFORM\u00c0TICA SCCL, amb NIF F17517376 i adre\u00e7a social a CARRER MANUEL CARRASCO I FORMIGUERA, 17, 17007, GIRONA, i que a continuaci\u00f3 es relacionen les respectives finalitats, terminis de conservaci\u00f3 i bases legitimadores.<\/p>\n\n\n\n<p>Per aquells tractaments que aix\u00ed ho requereixin, s\u2019informa tamb\u00e9 de la possible elaboraci\u00f3 de perfils i decisions automatitzades, aix\u00ed com les possibles cessions i les transfer\u00e8ncies internacionals que AT INFORM\u00c0TICA SCCL t\u00e9 previst realitzar:<\/p>\n\n\n\n<figure class=\"wp-block-table\"><table><tbody><tr><td><strong>Gesti\u00f3 de la<\/strong><br><strong>p\u00e0gina Web<\/strong><\/td><td><strong>Finalitat<\/strong>: Tractament i gesti\u00f3 de les dades necess\u00e0ries per a la funcionalitat de la p\u00e0gina Web<br><strong>Termini de conservaci\u00f3<\/strong>: mentre duri el consentiment prestat<br><strong>Base leg\u00edtima<\/strong>: El consentiment de l\u2019interessat<br><strong>Tipologia de Dades<\/strong>: Dades merament identificatives<br><strong>Cessions<\/strong>: No es preveuen<br><strong>Transfer\u00e8ncies internacionals<\/strong>: No es preveuen<br><strong>Elaboraci\u00f3 de perfils<\/strong>: No es preveuen<\/td><\/tr><tr><td><strong>Formulari<\/strong><br><strong>Web<\/strong><\/td><td><strong>Finalitat: <\/strong>Atendre les consultes i\/o sol\u00b7licituds<br><strong>Termini de conservaci\u00f3: <\/strong>mentre es mantingui el consentiment prestat<br><strong>Base leg\u00edtima:<\/strong> El consentiment de l\u2019interessat<br><strong>Tipologia de Dades: <\/strong>Dades merament identificatives<br><strong>Cessions: <\/strong>Cap<br><strong>Transfer\u00e8ncies internacionals: <\/strong>No es preveuen<br><strong>Elaboraci\u00f3 de perfils:<\/strong> No es preveuen<\/td><\/tr><tr><td><strong>Gesti\u00f3 del<\/strong><br><strong>compliment<\/strong><br><strong>normatiu<\/strong><\/td><td><strong>Finalitat: <\/strong>Gesti\u00f3 i tractament de les obligacions i deures que es derivin del compliment de la normativa a la qual est\u00e0 subjecta l\u2019entitat<br><strong>Termini de conservaci\u00f3:<\/strong> Conservaci\u00f3 de les c\u00f2pies dels documents fins que prescrivin les accions per reclamar-li una possible responsabilitat.<br><strong>Base leg\u00edtima: <\/strong>El compliment d\u2019una llei<br><strong>Tipologia de Dades:<\/strong> Dades merament identificatives<br><strong>Cessions:<\/strong> les vostres dades seran comunicades, en cas de ser necessari, a Organismes i\/o administraci\u00f3 p\u00fablica amb compet\u00e8ncia en la mat\u00e8ria amb la finalitat de complir amb les obligacions establertes en la normativa aplicable. A m\u00e9s, s\u2019informa que la base legitimadora de la cessi\u00f3 \u00e9s el compliment amb les obligacions establertes en la normativa aplicable<br><strong>Transfer\u00e8ncies internacionals: <\/strong>No es preveuen<br><strong>Elaboraci\u00f3 de perfils:<\/strong> No es preveuen<\/td><\/tr><tr><td><strong>Newsletters<\/strong><\/td><td><strong>Finalitat:<\/strong> Captaci\u00f3, registre i tractament de dades amb finalitats de m\u00e0rketing per a realitzar l\u2019enviament corresponent a la Newsletter a la qual s\u2019ha subscrit<br><strong>Termini de conservaci\u00f3:<\/strong> mentre en mantingui el consentiment prestat<br><strong>Base leg\u00edtima:<\/strong> El consentiment de l\u2019interessat<br><strong>Tipologia de Dades:<\/strong> Dades merament identificatives<br><strong>Cessions:<\/strong> Cap<br><strong>Transfer\u00e8ncies internacionals: <\/strong>No es preveuen<br><strong>Elaboraci\u00f3 de perfils:<\/strong> No es preveuen<\/td><\/tr><tr><td><strong>Accions<\/strong><br><strong>comercials<\/strong><\/td><td><strong>Finalitat:<\/strong> Captaci\u00f3, registre i tractament de dades amb finalitats de publicitat i prospecci\u00f3 comercial dels nostres productes i\/o serveis<br><strong>Termini de conservaci\u00f3:<\/strong> mentre es mantingui el consentiment prestat.<br><strong>Base leg\u00edtima:<\/strong> El consentiment de l\u2019interessat<br><strong>Tipologia de Dades:<\/strong> Dades merament identificatives<br><strong>Cessions:<\/strong> Cap<br><strong>Transfer\u00e8ncies internacionals:<\/strong> No es preveuen<br><strong>Elaboraci\u00f3 de perfils:<\/strong> No es preveuen<\/td><\/tr><tr><td><strong>Registre dels<\/strong><br><strong>usuaris<\/strong><\/td><td><strong>Finalitat:<\/strong> Captaci\u00f3, registre i tractament de dades per a poder registrar-se com a usuari<br><strong>Termini de conservaci\u00f3:<\/strong> mentre perduri el consentiment prestat<br><strong>Base leg\u00edtima:<\/strong> El consentiment de l\u2019interessat<br><strong>Tipologia de Dades:<\/strong> Dades merament identificatives<br><strong>Cessions:<\/strong> No es preveuen<br><strong>Transfer\u00e8ncies internacionals:<\/strong> No es preveuen<br><strong>Elaboraci\u00f3 de perfils:<\/strong> No es preveuen<\/td><\/tr><tr><td><strong>Gesti\u00f3 de<\/strong><br><strong>concursos i<\/strong><br><strong>promocions<\/strong><\/td><td><strong>Finalitat: <\/strong>Captaci\u00f3, registre i tractament de dades amb la finalitat de realitzar concursos, premis i promocions<br><strong>Termini de conservaci\u00f3:<\/strong> durant el termini estrictament necessari per a complir amb la finalitat anteriorment esmentada, excepte obligaci\u00f3 legal<br><strong>Base leg\u00edtima:<\/strong> El consentiment de l\u2019interessat<br><strong>Tipologia de Dades:<\/strong> Dades merament identificatives<br><strong>Cessions:<\/strong> les vostres dades podran ser comunicades, en cas de ser necessari, a empreses que subvencionin els concursos, premis i\/o promocions<br><strong>Transfer\u00e8ncies internacionals:<\/strong> No es preveuen<br><strong>Elaboraci\u00f3 de perfils:<\/strong> No es preveuen<\/td><\/tr><tr><td><strong>Gesti\u00f3 de les<\/strong><br><strong>reserves<\/strong><\/td><td><strong>Finalitat:<\/strong> Registre i gesti\u00f3 de les reserves<br><strong>Termini de conservaci\u00f3:<\/strong> 3 anys, en compliment de l\u2019Ordre INT\/1922\/2003, de 3 de juliol, en relaci\u00f3 a llibres-registre i parts d\u2019entrada de viatgers en establiments d\u2019hostaleria i altres an\u00e0legs<br><strong>Base leg\u00edtima:<\/strong> El consentiment de l\u2019interessat<br><strong>Tipologia de Dades:<\/strong> Dades merament identificatives<br><strong>Cessions:<\/strong> les vostres dades seran comunicades, en cas de ser necessari, a l\u2019Ag\u00e8ncia Tribut\u00e0ria, Bancs i Caixes, Forces i Cossos de Seguretat i autoritats competents amb la normativa aplicable. A m\u00e9s, s\u2019informa que la base legitimadora de la cessi\u00f3 \u00e9s complir amb les obligacions establertes en la normativa aplicable.<br><strong>Transfer\u00e8ncies internacionals:<\/strong> No es preveuen<br><strong>Elaboraci\u00f3 de perfils:<\/strong> No es preveuen<\/td><\/tr><tr><td><strong>Gesti\u00f3 Borsa<\/strong><br><strong>d\u2019ocupaci\u00f3<\/strong><\/td><td><strong>Finalitat:<\/strong> Registre i tractament de dades de candidats per a finalitats de selecci\u00f3 de personal referents a llocs de treball vacants de les entitats col\u00b7laboradores i gesti\u00f3 de la borsa d\u2019ocupaci\u00f3<br><strong>Termini de conservaci\u00f3:<\/strong> mentre perduri el consentiment prestat<br><strong>Base leg\u00edtima:<\/strong> El consentiment de l\u2019interessat<br><strong>Tipologia de Dades:<\/strong> Dades merament identificatives<br><strong>Cessions:<\/strong> les vostres dades seran comunicades, en cas de ser necessari, a Entitats Col\u00b7laboradores amb la finalitat de gestionar la borsa d\u2019ocupaci\u00f3 i traslladar la candidatura a l\u2019empresa col\u00b7laboradora. A m\u00e9s, s\u2019informa que la base legitimadora de la cessi\u00f3 \u00e9s el vostre consentiment<br><strong>Transfer\u00e8ncies internacionals:<\/strong> No es preveuen<br><strong>Elaboraci\u00f3 de perfils:<\/strong> No es preveuen<\/td><\/tr><tr><td><strong>Gesti\u00f3 del<\/strong><br><strong>voluntariat<\/strong><\/td><td><strong>Finalitat:<\/strong> Gesti\u00f3 de les dades dels voluntaris de l\u2019entitat<br><strong>Termini de conservaci\u00f3:<\/strong> 10 anys, en compliment de la Llei Org\u00e0nica 7\/2012<br><strong>Base leg\u00edtima:<\/strong> Execuci\u00f3 del contracte<br><strong>Tipologia de Dades:<\/strong> Dades merament identificatives<br><strong>Cessions:<\/strong> les vostres dades seran comunicades, en cas de ser necessari, a Ag\u00e8ncia Tribut\u00e0ria, Bancs i Caixes amb la finalitat de complir amb les obligacions tribut\u00e0ries i fiscals establertes en al normativa aplicable. A m\u00e9s, s\u2019informa que la base legitimadora de la cessi\u00f3 \u00e9s complir amb les obligacions establertes en al normativa aplicable.<br><strong>Transfer\u00e8ncies internacionals:<\/strong> No es preveuen<br><strong>Elaboraci\u00f3 de perfils:<\/strong> No es preveuen<\/td><\/tr><tr><td><strong>Gesti\u00f3 de les<\/strong><br><strong>inscripcions<\/strong><\/td><td><strong>Finalitat:<\/strong> Registre i gesti\u00f3 de les inscripcions<br><strong>Termini de conservaci\u00f3:<\/strong> durant el termini estrictament necessari per a complir amb la finalitat anteriorment esmentada<br><strong>Base leg\u00edtima:<\/strong> El consentiment de l\u2019interessat<br><strong>Tipologia de Dades:<\/strong> Dades merament identificatives<br><strong>Cessions:<\/strong> les vostres dades seran comunicades, en cas de ser necessari, a l\u2019Ag\u00e8ncia Tribut\u00e0ria, Bancs i Caixes amb la finalitat de complir amb les obligacions tribut\u00e0ries i fiscals establertes en la normativa aplicable. A m\u00e9s, s\u2019informa que la base legitimadora de la cessi\u00f3 \u00e9s complir amb les obligacions establertes en la normativa aplicable.<br><strong>Transfer\u00e8ncies internacionals:<\/strong> No es preveuen<br><strong>Elaboraci\u00f3 de perfils:<\/strong> No es preveuen<\/td><\/tr><\/tbody><\/table><\/figure>\n\n\n\n<p>Drets dels interessats<\/p>\n\n\n\n<p>AT INFORM\u00c0TICA SCCL informa als Usuaris que podran exercir els drets d\u2019acc\u00e9s, rectificaci\u00f3, limitaci\u00f3, supressi\u00f3, portabilitat i oposici\u00f3 al tractament de les seves dades de car\u00e0cter personal davant el Responsable del Tractament, aix\u00ed com a la retirada del consentiment prestat.<\/p>\n\n\n\n<ul class=\"wp-block-list\">\n<li><strong><u>Dret d\u2019Acc\u00e9s<\/u><\/strong>: \u00c9s el dret de l\u2019usuari a obtenir informaci\u00f3 sobre les seves dades concretes de car\u00e0cter personal i del tractament que s\u2019hagi realitzat o es realitzi, aix\u00ed com de la informaci\u00f3 disponible sobre l\u2019origen de les dades esmentades i les comunicacions realitzades o previstes de les mateixes.<\/li>\n\n\n\n<li><strong><u>Dret de Rectificaci\u00f3<\/u><\/strong>: \u00c9s el dret de l\u2019afectat a que es modifiquin les dades que resultin ser inexactes o incompletes. Nom\u00e9s podr\u00e0 satisfer en relaci\u00f3 a aquella informaci\u00f3 que es trobi sota el control d\u2019AT INFORM\u00c0TICA SCCL, per exemple, eliminar comentaris publicats en a pr\u00f2pia p\u00e0gina, imatges o continguts Web on consten dades de car\u00e0cter personal de l\u2019usuari.<\/li>\n\n\n\n<li><strong><u>Dret a la Limitaci\u00f3 de tractament:<\/u><\/strong> \u00c9s el dret a que se limiten les finalitats del tractament previstos de forma original pel responsable del tractament.<\/li>\n\n\n\n<li><strong><u>Dret de Supressi\u00f3:<\/u><\/strong> \u00c9s el dret a suprimir les dades de car\u00e0cter personal de l\u2019usuari, a excepci\u00f3 del previst en el propi RGPD o b\u00e9, en altres normatives aplicables que determinen la obligatorietat de la conservaci\u00f3 de les mateixes, en temps i forma.<\/li>\n\n\n\n<li><strong><u>Dret de Portabilitat:<\/u><\/strong> \u00c9s el dret a rebre les dades personals que l\u2019usuari hagi facilitat en un format estructurat, d\u2019\u00fas com\u00fa i lectura mec\u00e0nica, i a transmetre\u2019ls a altre responsable.<\/li>\n\n\n\n<li><strong><u>Dret d\u2019Oposici\u00f3:<\/u><\/strong> \u00c9s el dret de l\u2019usuari a que no tiri endavant el tractament de les seves dades de car\u00e0cter personal o b\u00e9, es cedeixin el tractament de les mateixes per part d\u2019AT INFORM\u00c0TICA SCCL.<\/li>\n<\/ul>\n\n\n\n<p>Per a poder exercir qualsevol del drets descrits anteriorment haur\u00e0 de complir amb els seg\u00fcents requisits:<\/p>\n\n\n\n<ul class=\"wp-block-list\">\n<li>Presentaci\u00f3 d\u2019un escrit a l\u2019adre\u00e7a CARRER MANUEL CARRASCO I FORMIGUERA, 17 \u2013 17007, GIRONA (a l\u2019atenci\u00f3 d\u2019AT INFORM\u00c0TICA SCCL), o b\u00e9, a trav\u00e9s de correu electr\u00f2nic <a rel=\"noreferrer noopener\" href=\"mailto:dev@atigirona.com\" target=\"_blank\">legal<\/a><a rel=\"noreferrer noopener\" href=\"mailto:legal@atigirona.com\" target=\"_blank\" data-type=\"mailto\" data-id=\"mailto:legal@atigirona.com\">@atigirona.com<\/a>.<\/li>\n\n\n\n<li>L\u2019escrit rem\u00e8s pel titular de les dades que sol\u00b7liciti l\u2019exercici haur\u00e0 de complir els seg\u00fcents requisits legals:\n<ul class=\"wp-block-list\">\n<li>Nom, cognoms de l\u2019interessat i c\u00f2pia del NIF\/NIE, o qualsevol document identificatiu. En els casos excepcionals en que s\u2019admeti la representaci\u00f3, ser\u00e0 necessari tamb\u00e9 la identificaci\u00f3 pel mateix medi de la personal que el representa, aix\u00ed com el document acreditatiu de la representaci\u00f3. La fotoc\u00f2pia del NIF\/NIE podr\u00e0 ser substitu\u00efda sempre que s\u2019acrediti la identitat per qualsevol altre medi v\u00e0lid en dret.<\/li>\n\n\n\n<li>Petici\u00f3 en que es concreta la sol\u00b7licitud. (Exercici en el que es sol\u00b7licita la informaci\u00f3 a la que es vol accedir). Si no fa refer\u00e8ncia a un fitxer concret se li facilitar\u00e0 tota la informaci\u00f3 que es tingui amb les seves dades de car\u00e0cter personal. Si sol\u00b7licita informaci\u00f3 d\u2019un fitxer en concret, nom\u00e9s la informaci\u00f3 d\u2019aquest fitxer. Si sol\u00b7licita informaci\u00f3 relativa a un tercer, mai es podr\u00e0 facilitar. Si ho sol\u00b7licita per tel\u00e8fon se l\u2019indicar\u00e0 que ho faci per escrit i se l\u2019informar\u00e0 de com ho pot fer i l\u2019adre\u00e7a a la que ho ha d\u2019enviar. Mai se li donar\u00e0 informaci\u00f3 per tel\u00e8fon.<\/li>\n\n\n\n<li>Adre\u00e7a a efectes de notificacions.<\/li>\n\n\n\n<li>Data i signatura del sol\u00b7licitant.<\/li>\n\n\n\n<li>Documents acreditatius de la petici\u00f3 que formula.<\/li>\n\n\n\n<li>L\u2019interessat ha d\u2019utilitzar qualsevol mitj\u00e0 que permeti acreditar l\u2019enviament i la recepci\u00f3 de la sol\u00b7licitud.<\/li>\n<\/ul>\n<\/li>\n<\/ul>\n\n\n\n<p>Per \u00faltim, us informem que vost\u00e8 t\u00e9 dret a presentar una reclamaci\u00f3 davant l\u2019Ag\u00e8ncia Espanyola de Protecci\u00f3 de Dades, en cas que tingueu coneixement o consideri que un fet pugui suposar un incompliment de la normativa aplicable en mat\u00e8ria de protecci\u00f3 de dades.<\/p>\n\n\n\n<p>AT INFORM\u00c0TICA SCCL es compromet a adoptar les mesures t\u00e8cniques i organitzatives necess\u00e0ries, d\u2019acord amb el nivell de risc que acompanyen els tractaments realitzats per aquestes e indicades en l\u2019apartat dels termes i condicions d\u2019\u00fas, de forma que garanteixin la seva integritat, confidencialitat i disponibilitat.<\/p>\n\n\n\n<p><strong>\u00daLTIMA ACTUALITZACI\u00d3: 22\/10\/2023<\/strong><\/p>\n","protected":false},"excerpt":{"rendered":"<p>Dades del propietari del web: RA\u00d3 SOCIAL AT INFORMATICA, SCCL NIF F17517376 DIRECCI\u00d3 POSTAL CARRER MANUEL CARRASCO FURMIGUERA, 17 17007, GIRONA DIRECCI\u00d3 ELECTR\u00d2NICA legal@atigirona.com REGISTRE MERCANTIL Full GN602 \u2013 Inscripci\u00f3 1 \u2013 Data 28\/08\/1997 en el Registre General de Cooperatives i Societats An\u00f2nimes Laborals del Departament de Treball OBJECTE PRINCIPAL Manteniment hardware, software, serveis web [&hellip;]<\/p>\n","protected":false},"author":1,"featured_media":0,"parent":0,"menu_order":300,"comment_status":"closed","ping_status":"closed","template":"page-templates\/page-legal.php","meta":{"_acf_changed":false,"footnotes":""},"class_list":["post-3","page","type-page","status-publish","hentry"],"acf":[],"yoast_head":"<!-- This site is optimized with the Yoast SEO plugin v27.4 - https:\/\/yoast.com\/product\/yoast-seo-wordpress\/ -->\n<title>Pol\u00edtica de Privacitat - AT INFORM\u00c0TICA<\/title>\n<meta name=\"robots\" content=\"noindex, nofollow\" \/>\n<meta property=\"og:locale\" content=\"ca_ES\" \/>\n<meta property=\"og:type\" content=\"article\" \/>\n<meta property=\"og:title\" content=\"Pol\u00edtica de Privacitat - AT INFORM\u00c0TICA\" \/>\n<meta property=\"og:description\" content=\"Dades del propietari del web: RA\u00d3 SOCIAL AT INFORMATICA, SCCL NIF F17517376 DIRECCI\u00d3 POSTAL CARRER MANUEL CARRASCO FURMIGUERA, 17 17007, GIRONA DIRECCI\u00d3 ELECTR\u00d2NICA legal@atigirona.com REGISTRE MERCANTIL Full GN602 \u2013 Inscripci\u00f3 1 \u2013 Data 28\/08\/1997 en el Registre General de Cooperatives i Societats An\u00f2nimes Laborals del Departament de Treball OBJECTE PRINCIPAL Manteniment hardware, software, serveis web [&hellip;]\" \/>\n<meta property=\"og:url\" content=\"https:\/\/atigirona.com\/ca\/politica-de-privacitat\/\" \/>\n<meta property=\"og:site_name\" content=\"AT INFORM\u00c0TICA\" \/>\n<meta property=\"article:modified_time\" content=\"2025-05-30T10:39:39+00:00\" \/>\n<meta name=\"twitter:card\" content=\"summary_large_image\" \/>\n<meta name=\"twitter:label1\" content=\"Temps estimat de lectura\" \/>\n\t<meta name=\"twitter:data1\" content=\"10 minuts\" \/>\n<script type=\"application\/ld+json\" class=\"yoast-schema-graph\">{\"@context\":\"https:\\\/\\\/schema.org\",\"@graph\":[{\"@type\":\"WebPage\",\"@id\":\"https:\\\/\\\/atigirona.com\\\/ca\\\/politica-de-privacitat\\\/\",\"url\":\"https:\\\/\\\/atigirona.com\\\/ca\\\/politica-de-privacitat\\\/\",\"name\":\"Pol\u00edtica de Privacitat - AT INFORM\u00c0TICA\",\"isPartOf\":{\"@id\":\"https:\\\/\\\/atigirona.com\\\/ca\\\/#website\"},\"datePublished\":\"2021-06-02T16:48:15+00:00\",\"dateModified\":\"2025-05-30T10:39:39+00:00\",\"breadcrumb\":{\"@id\":\"https:\\\/\\\/atigirona.com\\\/ca\\\/politica-de-privacitat\\\/#breadcrumb\"},\"inLanguage\":\"ca\",\"potentialAction\":[{\"@type\":\"ReadAction\",\"target\":[\"https:\\\/\\\/atigirona.com\\\/ca\\\/politica-de-privacitat\\\/\"]}]},{\"@type\":\"BreadcrumbList\",\"@id\":\"https:\\\/\\\/atigirona.com\\\/ca\\\/politica-de-privacitat\\\/#breadcrumb\",\"itemListElement\":[{\"@type\":\"ListItem\",\"position\":1,\"name\":\"Inici\",\"item\":\"https:\\\/\\\/atigirona.com\\\/ca\\\/\"},{\"@type\":\"ListItem\",\"position\":2,\"name\":\"Pol\u00edtica de Privacitat\"}]},{\"@type\":\"WebSite\",\"@id\":\"https:\\\/\\\/atigirona.com\\\/ca\\\/#website\",\"url\":\"https:\\\/\\\/atigirona.com\\\/ca\\\/\",\"name\":\"AT INFORM\u00c0TICA\",\"description\":\"Solucions Web, Manteniment i M\u00e0rqueting Digital a Girona\",\"publisher\":{\"@id\":\"https:\\\/\\\/atigirona.com\\\/ca\\\/#organization\"},\"potentialAction\":[{\"@type\":\"SearchAction\",\"target\":{\"@type\":\"EntryPoint\",\"urlTemplate\":\"https:\\\/\\\/atigirona.com\\\/ca\\\/?s={search_term_string}\"},\"query-input\":{\"@type\":\"PropertyValueSpecification\",\"valueRequired\":true,\"valueName\":\"search_term_string\"}}],\"inLanguage\":\"ca\"},{\"@type\":\"Organization\",\"@id\":\"https:\\\/\\\/atigirona.com\\\/ca\\\/#organization\",\"name\":\"AT INFORM\u00c0TICA\",\"url\":\"https:\\\/\\\/atigirona.com\\\/ca\\\/\",\"logo\":{\"@type\":\"ImageObject\",\"inLanguage\":\"ca\",\"@id\":\"https:\\\/\\\/atigirona.com\\\/ca\\\/#\\\/schema\\\/logo\\\/image\\\/\",\"url\":\"https:\\\/\\\/atigirona.com\\\/wp-content\\\/uploads\\\/2025\\\/05\\\/logo_at_menu.svg\",\"contentUrl\":\"https:\\\/\\\/atigirona.com\\\/wp-content\\\/uploads\\\/2025\\\/05\\\/logo_at_menu.svg\",\"caption\":\"AT INFORM\u00c0TICA\"},\"image\":{\"@id\":\"https:\\\/\\\/atigirona.com\\\/ca\\\/#\\\/schema\\\/logo\\\/image\\\/\"}}]}<\/script>\n<!-- \/ Yoast SEO plugin. -->","yoast_head_json":{"title":"Pol\u00edtica de Privacitat - AT INFORM\u00c0TICA","robots":{"index":"noindex","follow":"nofollow"},"og_locale":"ca_ES","og_type":"article","og_title":"Pol\u00edtica de Privacitat - AT INFORM\u00c0TICA","og_description":"Dades del propietari del web: RA\u00d3 SOCIAL AT INFORMATICA, SCCL NIF F17517376 DIRECCI\u00d3 POSTAL CARRER MANUEL CARRASCO FURMIGUERA, 17 17007, GIRONA DIRECCI\u00d3 ELECTR\u00d2NICA legal@atigirona.com REGISTRE MERCANTIL Full GN602 \u2013 Inscripci\u00f3 1 \u2013 Data 28\/08\/1997 en el Registre General de Cooperatives i Societats An\u00f2nimes Laborals del Departament de Treball OBJECTE PRINCIPAL Manteniment hardware, software, serveis web [&hellip;]","og_url":"https:\/\/atigirona.com\/ca\/politica-de-privacitat\/","og_site_name":"AT INFORM\u00c0TICA","article_modified_time":"2025-05-30T10:39:39+00:00","twitter_card":"summary_large_image","twitter_misc":{"Temps estimat de lectura":"10 minuts"},"schema":{"@context":"https:\/\/schema.org","@graph":[{"@type":"WebPage","@id":"https:\/\/atigirona.com\/ca\/politica-de-privacitat\/","url":"https:\/\/atigirona.com\/ca\/politica-de-privacitat\/","name":"Pol\u00edtica de Privacitat - AT INFORM\u00c0TICA","isPartOf":{"@id":"https:\/\/atigirona.com\/ca\/#website"},"datePublished":"2021-06-02T16:48:15+00:00","dateModified":"2025-05-30T10:39:39+00:00","breadcrumb":{"@id":"https:\/\/atigirona.com\/ca\/politica-de-privacitat\/#breadcrumb"},"inLanguage":"ca","potentialAction":[{"@type":"ReadAction","target":["https:\/\/atigirona.com\/ca\/politica-de-privacitat\/"]}]},{"@type":"BreadcrumbList","@id":"https:\/\/atigirona.com\/ca\/politica-de-privacitat\/#breadcrumb","itemListElement":[{"@type":"ListItem","position":1,"name":"Inici","item":"https:\/\/atigirona.com\/ca\/"},{"@type":"ListItem","position":2,"name":"Pol\u00edtica de Privacitat"}]},{"@type":"WebSite","@id":"https:\/\/atigirona.com\/ca\/#website","url":"https:\/\/atigirona.com\/ca\/","name":"AT INFORM\u00c0TICA","description":"Solucions Web, Manteniment i M\u00e0rqueting Digital a Girona","publisher":{"@id":"https:\/\/atigirona.com\/ca\/#organization"},"potentialAction":[{"@type":"SearchAction","target":{"@type":"EntryPoint","urlTemplate":"https:\/\/atigirona.com\/ca\/?s={search_term_string}"},"query-input":{"@type":"PropertyValueSpecification","valueRequired":true,"valueName":"search_term_string"}}],"inLanguage":"ca"},{"@type":"Organization","@id":"https:\/\/atigirona.com\/ca\/#organization","name":"AT INFORM\u00c0TICA","url":"https:\/\/atigirona.com\/ca\/","logo":{"@type":"ImageObject","inLanguage":"ca","@id":"https:\/\/atigirona.com\/ca\/#\/schema\/logo\/image\/","url":"https:\/\/atigirona.com\/wp-content\/uploads\/2025\/05\/logo_at_menu.svg","contentUrl":"https:\/\/atigirona.com\/wp-content\/uploads\/2025\/05\/logo_at_menu.svg","caption":"AT INFORM\u00c0TICA"},"image":{"@id":"https:\/\/atigirona.com\/ca\/#\/schema\/logo\/image\/"}}]}},"_links":{"self":[{"href":"https:\/\/atigirona.com\/ca\/wp-json\/wp\/v2\/pages\/3","targetHints":{"allow":["GET"]}}],"collection":[{"href":"https:\/\/atigirona.com\/ca\/wp-json\/wp\/v2\/pages"}],"about":[{"href":"https:\/\/atigirona.com\/ca\/wp-json\/wp\/v2\/types\/page"}],"author":[{"embeddable":true,"href":"https:\/\/atigirona.com\/ca\/wp-json\/wp\/v2\/users\/1"}],"replies":[{"embeddable":true,"href":"https:\/\/atigirona.com\/ca\/wp-json\/wp\/v2\/comments?post=3"}],"version-history":[{"count":1,"href":"https:\/\/atigirona.com\/ca\/wp-json\/wp\/v2\/pages\/3\/revisions"}],"predecessor-version":[{"id":131,"href":"https:\/\/atigirona.com\/ca\/wp-json\/wp\/v2\/pages\/3\/revisions\/131"}],"wp:attachment":[{"href":"https:\/\/atigirona.com\/ca\/wp-json\/wp\/v2\/media?parent=3"}],"curies":[{"name":"wp","href":"https:\/\/api.w.org\/{rel}","templated":true}]}}