{"id":255,"date":"2025-05-30T11:22:44","date_gmt":"2025-05-30T11:22:44","guid":{"rendered":"https:\/\/atigirona.com\/?page_id=255"},"modified":"2025-05-30T11:41:34","modified_gmt":"2025-05-30T11:41:34","slug":"kit-digital","status":"publish","type":"page","link":"https:\/\/atigirona.com\/ca\/kit-digital\/","title":{"rendered":"Kit Digital"},"content":{"rendered":"\n<p>Finan\u00e7at per la Uni\u00f3 Europea \u2013 NextGenerationEU. Tot i aix\u00f2, els punts de vista i les opinions expressades s\u00f3n \u00fanicament els de l\u2019autor o autors i no reflecteixen necess\u00e0riament els de la Uni\u00f3 Europea o la Comissi\u00f3 Europea. Ni la Uni\u00f3 Europea ni la Comissi\u00f3 Europea poden ser considerades responsables de les mateixes<\/p>\n\n\n\n<figure class=\"wp-block-image size-large\"><img loading=\"lazy\" decoding=\"async\" width=\"1024\" height=\"119\" src=\"https:\/\/atigirona.com\/wp-content\/uploads\/2025\/05\/kit-digital-logo2064x239-2048x237-1-1200x139-1-1024x119.png\" alt=\"\" class=\"wp-image-256\" srcset=\"https:\/\/atigirona.com\/wp-content\/uploads\/2025\/05\/kit-digital-logo2064x239-2048x237-1-1200x139-1-1024x119.png 1024w, https:\/\/atigirona.com\/wp-content\/uploads\/2025\/05\/kit-digital-logo2064x239-2048x237-1-1200x139-1-300x35.png 300w, https:\/\/atigirona.com\/wp-content\/uploads\/2025\/05\/kit-digital-logo2064x239-2048x237-1-1200x139-1-768x89.png 768w, https:\/\/atigirona.com\/wp-content\/uploads\/2025\/05\/kit-digital-logo2064x239-2048x237-1-1200x139-1.png 1200w\" sizes=\"auto, (max-width: 1024px) 100vw, 1024px\" \/><\/figure>\n","protected":false},"excerpt":{"rendered":"<p>Finan\u00e7at per la Uni\u00f3 Europea \u2013 NextGenerationEU. Tot i aix\u00f2, els punts de vista i les opinions expressades s\u00f3n \u00fanicament els de l\u2019autor o autors i no reflecteixen necess\u00e0riament els de la Uni\u00f3 Europea o la Comissi\u00f3 Europea. Ni la Uni\u00f3 Europea ni la Comissi\u00f3 Europea poden ser considerades responsables de les mateixes<\/p>\n","protected":false},"author":1,"featured_media":0,"parent":0,"menu_order":300,"comment_status":"closed","ping_status":"closed","template":"page-templates\/page-legal.php","meta":{"_acf_changed":false,"footnotes":""},"class_list":["post-255","page","type-page","status-publish","hentry"],"acf":[],"yoast_head":"<!-- This site is optimized with the Yoast SEO plugin v27.5 - https:\/\/yoast.com\/product\/yoast-seo-wordpress\/ -->\n<title>Kit Digital - AT INFORM\u00c0TICA<\/title>\n<meta name=\"robots\" content=\"noindex, nofollow\" \/>\n<meta property=\"og:locale\" content=\"ca_ES\" \/>\n<meta property=\"og:type\" content=\"article\" \/>\n<meta property=\"og:title\" content=\"Kit Digital - AT INFORM\u00c0TICA\" \/>\n<meta property=\"og:description\" content=\"Finan\u00e7at per la Uni\u00f3 Europea \u2013 NextGenerationEU. Tot i aix\u00f2, els punts de vista i les opinions expressades s\u00f3n \u00fanicament els de l\u2019autor o autors i no reflecteixen necess\u00e0riament els de la Uni\u00f3 Europea o la Comissi\u00f3 Europea. Ni la Uni\u00f3 Europea ni la Comissi\u00f3 Europea poden ser considerades responsables de les mateixes\" \/>\n<meta property=\"og:url\" content=\"https:\/\/atigirona.com\/ca\/kit-digital\/\" \/>\n<meta property=\"og:site_name\" content=\"AT INFORM\u00c0TICA\" \/>\n<meta property=\"article:modified_time\" content=\"2025-05-30T11:41:34+00:00\" \/>\n<meta property=\"og:image\" content=\"https:\/\/atigirona.com\/wp-content\/uploads\/2025\/05\/kit-digital-logo2064x239-2048x237-1-1200x139-1.png\" \/>\n\t<meta property=\"og:image:width\" content=\"1200\" \/>\n\t<meta property=\"og:image:height\" content=\"139\" \/>\n\t<meta property=\"og:image:type\" content=\"image\/png\" \/>\n<meta name=\"twitter:card\" content=\"summary_large_image\" \/>\n<meta name=\"twitter:label1\" content=\"Temps estimat de lectura\" \/>\n\t<meta name=\"twitter:data1\" content=\"1 minut\" \/>\n<script type=\"application\/ld+json\" class=\"yoast-schema-graph\">{\"@context\":\"https:\\\/\\\/schema.org\",\"@graph\":[{\"@type\":\"WebPage\",\"@id\":\"https:\\\/\\\/atigirona.com\\\/ca\\\/kit-digital\\\/\",\"url\":\"https:\\\/\\\/atigirona.com\\\/ca\\\/kit-digital\\\/\",\"name\":\"Kit Digital - AT INFORM\u00c0TICA\",\"isPartOf\":{\"@id\":\"https:\\\/\\\/atigirona.com\\\/ca\\\/#website\"},\"primaryImageOfPage\":{\"@id\":\"https:\\\/\\\/atigirona.com\\\/ca\\\/kit-digital\\\/#primaryimage\"},\"image\":{\"@id\":\"https:\\\/\\\/atigirona.com\\\/ca\\\/kit-digital\\\/#primaryimage\"},\"thumbnailUrl\":\"https:\\\/\\\/atigirona.com\\\/wp-content\\\/uploads\\\/2025\\\/05\\\/kit-digital-logo2064x239-2048x237-1-1200x139-1-1024x119.png\",\"datePublished\":\"2025-05-30T11:22:44+00:00\",\"dateModified\":\"2025-05-30T11:41:34+00:00\",\"breadcrumb\":{\"@id\":\"https:\\\/\\\/atigirona.com\\\/ca\\\/kit-digital\\\/#breadcrumb\"},\"inLanguage\":\"ca\",\"potentialAction\":[{\"@type\":\"ReadAction\",\"target\":[\"https:\\\/\\\/atigirona.com\\\/ca\\\/kit-digital\\\/\"]}]},{\"@type\":\"ImageObject\",\"inLanguage\":\"ca\",\"@id\":\"https:\\\/\\\/atigirona.com\\\/ca\\\/kit-digital\\\/#primaryimage\",\"url\":\"https:\\\/\\\/atigirona.com\\\/wp-content\\\/uploads\\\/2025\\\/05\\\/kit-digital-logo2064x239-2048x237-1-1200x139-1-1024x119.png\",\"contentUrl\":\"https:\\\/\\\/atigirona.com\\\/wp-content\\\/uploads\\\/2025\\\/05\\\/kit-digital-logo2064x239-2048x237-1-1200x139-1-1024x119.png\"},{\"@type\":\"BreadcrumbList\",\"@id\":\"https:\\\/\\\/atigirona.com\\\/ca\\\/kit-digital\\\/#breadcrumb\",\"itemListElement\":[{\"@type\":\"ListItem\",\"position\":1,\"name\":\"Inici\",\"item\":\"https:\\\/\\\/atigirona.com\\\/ca\\\/\"},{\"@type\":\"ListItem\",\"position\":2,\"name\":\"Kit Digital\"}]},{\"@type\":\"WebSite\",\"@id\":\"https:\\\/\\\/atigirona.com\\\/ca\\\/#website\",\"url\":\"https:\\\/\\\/atigirona.com\\\/ca\\\/\",\"name\":\"AT INFORM\u00c0TICA\",\"description\":\"Solucions Web, Manteniment i M\u00e0rqueting Digital a Girona\",\"publisher\":{\"@id\":\"https:\\\/\\\/atigirona.com\\\/ca\\\/#organization\"},\"potentialAction\":[{\"@type\":\"SearchAction\",\"target\":{\"@type\":\"EntryPoint\",\"urlTemplate\":\"https:\\\/\\\/atigirona.com\\\/ca\\\/?s={search_term_string}\"},\"query-input\":{\"@type\":\"PropertyValueSpecification\",\"valueRequired\":true,\"valueName\":\"search_term_string\"}}],\"inLanguage\":\"ca\"},{\"@type\":\"Organization\",\"@id\":\"https:\\\/\\\/atigirona.com\\\/ca\\\/#organization\",\"name\":\"AT INFORM\u00c0TICA\",\"url\":\"https:\\\/\\\/atigirona.com\\\/ca\\\/\",\"logo\":{\"@type\":\"ImageObject\",\"inLanguage\":\"ca\",\"@id\":\"https:\\\/\\\/atigirona.com\\\/ca\\\/#\\\/schema\\\/logo\\\/image\\\/\",\"url\":\"https:\\\/\\\/atigirona.com\\\/wp-content\\\/uploads\\\/2025\\\/05\\\/logo_at_menu.svg\",\"contentUrl\":\"https:\\\/\\\/atigirona.com\\\/wp-content\\\/uploads\\\/2025\\\/05\\\/logo_at_menu.svg\",\"caption\":\"AT INFORM\u00c0TICA\"},\"image\":{\"@id\":\"https:\\\/\\\/atigirona.com\\\/ca\\\/#\\\/schema\\\/logo\\\/image\\\/\"}}]}<\/script>\n<!-- \/ Yoast SEO plugin. -->","yoast_head_json":{"title":"Kit Digital - AT INFORM\u00c0TICA","robots":{"index":"noindex","follow":"nofollow"},"og_locale":"ca_ES","og_type":"article","og_title":"Kit Digital - AT INFORM\u00c0TICA","og_description":"Finan\u00e7at per la Uni\u00f3 Europea \u2013 NextGenerationEU. Tot i aix\u00f2, els punts de vista i les opinions expressades s\u00f3n \u00fanicament els de l\u2019autor o autors i no reflecteixen necess\u00e0riament els de la Uni\u00f3 Europea o la Comissi\u00f3 Europea. Ni la Uni\u00f3 Europea ni la Comissi\u00f3 Europea poden ser considerades responsables de les mateixes","og_url":"https:\/\/atigirona.com\/ca\/kit-digital\/","og_site_name":"AT INFORM\u00c0TICA","article_modified_time":"2025-05-30T11:41:34+00:00","og_image":[{"width":1200,"height":139,"url":"https:\/\/atigirona.com\/wp-content\/uploads\/2025\/05\/kit-digital-logo2064x239-2048x237-1-1200x139-1.png","type":"image\/png"}],"twitter_card":"summary_large_image","twitter_misc":{"Temps estimat de lectura":"1 minut"},"schema":{"@context":"https:\/\/schema.org","@graph":[{"@type":"WebPage","@id":"https:\/\/atigirona.com\/ca\/kit-digital\/","url":"https:\/\/atigirona.com\/ca\/kit-digital\/","name":"Kit Digital - AT INFORM\u00c0TICA","isPartOf":{"@id":"https:\/\/atigirona.com\/ca\/#website"},"primaryImageOfPage":{"@id":"https:\/\/atigirona.com\/ca\/kit-digital\/#primaryimage"},"image":{"@id":"https:\/\/atigirona.com\/ca\/kit-digital\/#primaryimage"},"thumbnailUrl":"https:\/\/atigirona.com\/wp-content\/uploads\/2025\/05\/kit-digital-logo2064x239-2048x237-1-1200x139-1-1024x119.png","datePublished":"2025-05-30T11:22:44+00:00","dateModified":"2025-05-30T11:41:34+00:00","breadcrumb":{"@id":"https:\/\/atigirona.com\/ca\/kit-digital\/#breadcrumb"},"inLanguage":"ca","potentialAction":[{"@type":"ReadAction","target":["https:\/\/atigirona.com\/ca\/kit-digital\/"]}]},{"@type":"ImageObject","inLanguage":"ca","@id":"https:\/\/atigirona.com\/ca\/kit-digital\/#primaryimage","url":"https:\/\/atigirona.com\/wp-content\/uploads\/2025\/05\/kit-digital-logo2064x239-2048x237-1-1200x139-1-1024x119.png","contentUrl":"https:\/\/atigirona.com\/wp-content\/uploads\/2025\/05\/kit-digital-logo2064x239-2048x237-1-1200x139-1-1024x119.png"},{"@type":"BreadcrumbList","@id":"https:\/\/atigirona.com\/ca\/kit-digital\/#breadcrumb","itemListElement":[{"@type":"ListItem","position":1,"name":"Inici","item":"https:\/\/atigirona.com\/ca\/"},{"@type":"ListItem","position":2,"name":"Kit Digital"}]},{"@type":"WebSite","@id":"https:\/\/atigirona.com\/ca\/#website","url":"https:\/\/atigirona.com\/ca\/","name":"AT INFORM\u00c0TICA","description":"Solucions Web, Manteniment i M\u00e0rqueting Digital a Girona","publisher":{"@id":"https:\/\/atigirona.com\/ca\/#organization"},"potentialAction":[{"@type":"SearchAction","target":{"@type":"EntryPoint","urlTemplate":"https:\/\/atigirona.com\/ca\/?s={search_term_string}"},"query-input":{"@type":"PropertyValueSpecification","valueRequired":true,"valueName":"search_term_string"}}],"inLanguage":"ca"},{"@type":"Organization","@id":"https:\/\/atigirona.com\/ca\/#organization","name":"AT INFORM\u00c0TICA","url":"https:\/\/atigirona.com\/ca\/","logo":{"@type":"ImageObject","inLanguage":"ca","@id":"https:\/\/atigirona.com\/ca\/#\/schema\/logo\/image\/","url":"https:\/\/atigirona.com\/wp-content\/uploads\/2025\/05\/logo_at_menu.svg","contentUrl":"https:\/\/atigirona.com\/wp-content\/uploads\/2025\/05\/logo_at_menu.svg","caption":"AT INFORM\u00c0TICA"},"image":{"@id":"https:\/\/atigirona.com\/ca\/#\/schema\/logo\/image\/"}}]}},"_links":{"self":[{"href":"https:\/\/atigirona.com\/ca\/wp-json\/wp\/v2\/pages\/255","targetHints":{"allow":["GET"]}}],"collection":[{"href":"https:\/\/atigirona.com\/ca\/wp-json\/wp\/v2\/pages"}],"about":[{"href":"https:\/\/atigirona.com\/ca\/wp-json\/wp\/v2\/types\/page"}],"author":[{"embeddable":true,"href":"https:\/\/atigirona.com\/ca\/wp-json\/wp\/v2\/users\/1"}],"replies":[{"embeddable":true,"href":"https:\/\/atigirona.com\/ca\/wp-json\/wp\/v2\/comments?post=255"}],"version-history":[{"count":1,"href":"https:\/\/atigirona.com\/ca\/wp-json\/wp\/v2\/pages\/255\/revisions"}],"predecessor-version":[{"id":259,"href":"https:\/\/atigirona.com\/ca\/wp-json\/wp\/v2\/pages\/255\/revisions\/259"}],"wp:attachment":[{"href":"https:\/\/atigirona.com\/ca\/wp-json\/wp\/v2\/media?parent=255"}],"curies":[{"name":"wp","href":"https:\/\/api.w.org\/{rel}","templated":true}]}}