{"id":19,"date":"2021-07-15T09:10:50","date_gmt":"2021-07-15T09:10:50","guid":{"rendered":"https:\/\/atigirona.com\/?page_id=19"},"modified":"2025-05-30T10:40:00","modified_gmt":"2025-05-30T10:40:00","slug":"avis-legal","status":"publish","type":"page","link":"https:\/\/atigirona.com\/ca\/avis-legal\/","title":{"rendered":"Av\u00eds Legal"},"content":{"rendered":"\n<p><strong>INTRODUCCI\u00d3<\/strong><\/p>\n\n\n\n<p>En compliment de la Llei 34\/2002, d\u201911 de juliol, de Serveis de la Societat de la Informaci\u00f3 i de Comer\u00e7 Electr\u00f2nic (LSSI-CE), AT INFORM\u00c0TICA SCCL informa que \u00e9s titular del lloc Web. D\u2019acord amb la exig\u00e8ncia de l\u2019article 10 de l\u2019esmentada Llei, AT INFORM\u00c0TIC SCCL informa de les seg\u00fcents dades:<\/p>\n\n\n\n<figure class=\"wp-block-table\"><table><tbody><tr><td>RA\u00d3 SOCIAL<\/td><td>AT INFORMATICA, SCCL<\/td><\/tr><tr><td>NIF<\/td><td>F17517376<\/td><\/tr><tr><td>DIRECCI\u00d3 POSTAL<\/td><td>CARRER MANUEL CARRASCO FURMIGUERA, 17 17007, GIRONA<\/td><\/tr><tr><td>DIRECCI\u00d3 ELECTR\u00d2NICA<\/td><td><a href=\"mailto:legal@atigirona.com\" target=\"_blank\" rel=\"noreferrer noopener\">legal@atigirona.com<\/a><\/td><\/tr><tr><td>REGISTRE MERCANTIL<\/td><td>Full GN602 \u2013 Inscripci\u00f3 1 \u2013 Data 28\/08\/1997 en el Registre General de Cooperatives i Societats An\u00f2nimes Laborals del Departament de Treball<\/td><\/tr><tr><td>OBJECTE PRINCIPAL<\/td><td>Manteniment hardware, software, serveis web i backup<\/td><\/tr><tr><td><\/td><td><\/td><\/tr><\/tbody><\/table><\/figure>\n\n\n\n<p><strong>USUARI I R\u00c8GIM DE RESPONSABILITATS<\/strong><\/p>\n\n\n\n<p>La navegaci\u00f3, acc\u00e9s i \u00fas pel lloc Web d\u2019AT INFORM\u00c0TICA SCCL confereix la condici\u00f3 d\u2019usuari, per la que s\u2019accepten, des de la navegaci\u00f3 pel lloc Web AT INFORM\u00c0TICA SCCL, totes les condicions d\u2019\u00fas aqu\u00ed establertes sense perjudici de l\u2019aplicaci\u00f3 de la corresponent normativa d\u2019obligat compliment legal segons el cas.<\/p>\n\n\n\n<p>El lloc Web d\u2019AT INFORM\u00c0TICA SCCL proporciona gran diversitat d\u2019informaci\u00f3, serveis i dades. L\u2019usuari assumeix la seva responsabilitat en l\u2019\u00fas correcte del lloc Web. Aquesta responsabilitat es far\u00e0 extensiva a:<\/p>\n\n\n\n<ul class=\"wp-block-list\">\n<li>La veracitat i licitud de les informacions aportades per l\u2019usuari en els formularis estesos per AT INFORM\u00c0TICA SCCL per l\u2019acc\u00e9s a certs continguts o serveis oferts pel Web.<\/li>\n\n\n\n<li>L\u2019\u00fas de la informaci\u00f3, serveis i dades oferts per AT INFORM\u00c0TICA SCCL contr\u00e0riament al disposat per les presents condicions, la Llei, la moral, els bons costums o l\u2019ordre p\u00fablic, o b\u00e9, que de qualsevol altre mode puguin suposar lesi\u00f3 dels drets de tercers o del mateix funcionament del lloc Web.<\/li>\n<\/ul>\n\n\n\n<p><strong>POL\u00cdTICA D\u2019ENLLA\u00c7OS I EXENCIONS DE RESPONSABILITAT<\/strong><\/p>\n\n\n\n<p>AT INFORM\u00c0TICA SCCL no es fa responsable del contingut dels llocs Web als que l\u2019usuari pugui accedir a trav\u00e9s d\u2019enlla\u00e7os establerts en el seu lloc Web i declara que en cap cas procedir\u00e0 a examinar o exercitar cap tipus de control sobre el contingut d\u2019altres lloc de la xarxa. Aix\u00ed mateix, tampoc garantir\u00e0 la disponibilitat t\u00e8cnica, exactitud, veracitat, validesa o legalitat de llocs aliens a la seva propietat als que es pugui accedir per mitj\u00e0 d\u2019enlla\u00e7os.<\/p>\n\n\n\n<p>AT INFORM\u00c0TCA SCCL declara haver adoptat totes les mesures necess\u00e0ries per evitar qualsevol perjudici als usuaris del seu lloc Web, que poguessin derivar-se de la navegaci\u00f3 pel seu lloc Web. En conseq\u00fc\u00e8ncia, AT INFORM\u00c0TICA SCCL no es fa responsable, en cap cas, dels eventuals perjudicis que per la navegaci\u00f3 per Internet pogu\u00e9s patir l\u2019usuari.<\/p>\n\n\n\n<p><strong>MODIFICACIONS<\/strong><\/p>\n\n\n\n<p>AT INFORM\u00c0TICA SCCL es reserva el dret a realitzar les modificacions que consideri oportunes, sense av\u00eds previ, en el contingut del seu lloc Web. Tant a all\u00f2 referent als continguts del lloc Web, com en les condicions d\u2019\u00fas del mateix, o b\u00e9, en les condicions generals de contractaci\u00f3. Dites modificacions podran realitzar-se a trav\u00e9s del seu lloc Web per qualsevol forma admissible en dret i seran d\u2019obligat compliment durant el temps en que es trobin publicades en el Web i fins que no siguin modificades v\u00e0lidament per altres posteriors.<\/p>\n\n\n\n<p><strong>PROPIETAT INTEL\u00b7LECTUAL I INDUSTRIAL<\/strong><\/p>\n\n\n\n<p>AT INFORM\u00c0TCA SCCL per s\u00ed mateixa o b\u00e9, com a cession\u00e0ria, \u00e9s titular de tots els drets de propietat intel\u00b7lectual i industrial de la seva p\u00e0gina Web, aix\u00ed com dels elements continguts en la mateixa (a t\u00edtol enunciatiu, imatges, so, \u00e0udio, v\u00eddeo, software o textos; marques o logotips, combinacions de colors, estructura i disseny, selecci\u00f3 de materials usats, programes d\u2019ordinador necessaris pel seu funcionament, acc\u00e9s i \u00fas,&#8230;), titularitat d\u2019AT INFORM\u00c0TICA SCCL. Seran, per conseg\u00fcent, obres protegides com a propietat intel\u00b7lectual per l\u2019ordenament jur\u00eddic espanyol, sent aplicables tant la normativa espanyola i comunit\u00e0ria en aquest camp, com els tractats internacionals relatius a la mat\u00e8ria i subscrits per Espanya.<\/p>\n\n\n\n<p>Tots els drets reservats. En virtut del disposat en la Llei de Propietat Intel\u00b7lectual, queden expressament prohibits la reproducci\u00f3, la distribuci\u00f3 i la comunicaci\u00f3 p\u00fabica, inclosa la seva modalitat de posta a disposici\u00f3, de la totalitat o part dels continguts d\u2019aquesta p\u00e0gina Web, amb finalitats comercials, en qualsevol suport i per qualsevol mitj\u00e0 t\u00e8cnic, sense l\u2019autoritzaci\u00f3 d\u2019 AT INFORM\u00c0TICA SCCL.<\/p>\n\n\n\n<p>L\u2019usuari es compromet a respectar els drets de Propietat Intel\u00b7lectual i Industrial titularitat d\u2019AT INFORM\u00c0TICA SCCL. Podr\u00e0 visualitzar els elements del portal i incl\u00f2s imprimir-los, copiar-los i emmagatzemar-los en el disc dur del seu ordinador o en qualsevol altre suport f\u00edsic sempre i quan sigui, \u00fanica i exclusivament, pel seu \u00fas personal i privat. L\u2019usuari haur\u00e0 d\u2019abstenir-se de suprimir, alterar, eludir o manipular qualsevol dispositiu de protecci\u00f3 o sistema de seguretat que estigu\u00e9s instal\u00b7lat en les p\u00e0gines d\u2019AT INFORM\u00c0TICA SCCL.<\/p>\n\n\n\n<p><strong>CERTIFICAT SSL (SECURE SOCKETS LAYER)<\/strong><\/p>\n\n\n\n<p>El CERTIFICAT SSL proporciona autenticaci\u00f3, privacitat i seguretat de la informaci\u00f3 entre AT INFORM\u00c0TICA SCCL i l\u2019usuari.<\/p>\n\n\n\n<p>AT INFORM\u00c0TICA SCCL disposa d\u2019un certificat de seguretat que s\u2019utilitza per CERTIFICAT SSL per a realitzar connexions segures.<\/p>\n\n\n\n<p>En aquest proc\u00e9s s\u2019estableixen diferents par\u00e0metres per realitzar la connexi\u00f3 de forma segura i s\u2019estableix fent servir claus preestablertes, codificant i descodificant totes les dades enviades fins que la connexi\u00f3 estigui tancada.<\/p>\n\n\n\n<p><strong>ACCIONS LEGALS, LEGISLACI\u00d3 APLICABLE I JURISDICCI\u00d3<\/strong><\/p>\n\n\n\n<p>AT INFORM\u00c0TICA SCCL es reserva, aix\u00ed mateix, la facultat de presentar les accions civils o penals que consideri oportunes per la utilitzaci\u00f3 indeguda del seu lloc Web i continguts, o b\u00e9, per l\u2019incompliment de les presents condicions.<\/p>\n\n\n\n<p>La relaci\u00f3 entre l\u2019usuari i el prestador es regir\u00e0 per la normativa vigent i d\u2019aplicaci\u00f3 en el territori espanyol. En cas que sorgeixi qualsevol controv\u00e8rsia, les parts podran sotmetre els seus conflictes a arbitratge o acudir a la jurisdicci\u00f3 ordin\u00e0ria complint amb les normes sobre jurisdicci\u00f3 i compet\u00e8ncia al respecte. AT INFORM\u00c0TICA SCCL t\u00e9 el seu domicili a GIRONA, Espanya.<\/p>\n\n\n\n<p>Els contractes celebrats per via electr\u00f2nica en els que intervingui com a part un consumidor es presumiran celebrats en el lloc en que aquest tingui la seva resid\u00e8ncia habitual.<\/p>\n\n\n\n<p>Els contractes electr\u00f2nics entre empresaris o professionals, en defecte de pacte entre les parts, es presumiran celebrats en el lloc on estigui establert el prestador de serveis.<\/p>\n\n\n\n<p><strong>\u00daLTIMA ACTUALITZACI\u00d3: 22\/10\/2023<\/strong><\/p>\n","protected":false},"excerpt":{"rendered":"<p>INTRODUCCI\u00d3 En compliment de la Llei 34\/2002, d\u201911 de juliol, de Serveis de la Societat de la Informaci\u00f3 i de Comer\u00e7 Electr\u00f2nic (LSSI-CE), AT INFORM\u00c0TICA SCCL informa que \u00e9s titular del lloc Web. D\u2019acord amb la exig\u00e8ncia de l\u2019article 10 de l\u2019esmentada Llei, AT INFORM\u00c0TIC SCCL informa de les seg\u00fcents dades: RA\u00d3 SOCIAL AT INFORMATICA, [&hellip;]<\/p>\n","protected":false},"author":1,"featured_media":0,"parent":0,"menu_order":600,"comment_status":"closed","ping_status":"closed","template":"page-templates\/page-legal.php","meta":{"_acf_changed":false,"footnotes":""},"class_list":["post-19","page","type-page","status-publish","hentry"],"acf":[],"yoast_head":"<!-- This site is optimized with the Yoast SEO plugin v27.5 - https:\/\/yoast.com\/product\/yoast-seo-wordpress\/ -->\n<title>Av\u00eds Legal - AT INFORM\u00c0TICA<\/title>\n<meta name=\"robots\" content=\"noindex, nofollow\" \/>\n<meta property=\"og:locale\" content=\"ca_ES\" \/>\n<meta property=\"og:type\" content=\"article\" \/>\n<meta property=\"og:title\" content=\"Av\u00eds Legal - AT INFORM\u00c0TICA\" \/>\n<meta property=\"og:description\" content=\"INTRODUCCI\u00d3 En compliment de la Llei 34\/2002, d\u201911 de juliol, de Serveis de la Societat de la Informaci\u00f3 i de Comer\u00e7 Electr\u00f2nic (LSSI-CE), AT INFORM\u00c0TICA SCCL informa que \u00e9s titular del lloc Web. D\u2019acord amb la exig\u00e8ncia de l\u2019article 10 de l\u2019esmentada Llei, AT INFORM\u00c0TIC SCCL informa de les seg\u00fcents dades: RA\u00d3 SOCIAL AT INFORMATICA, [&hellip;]\" \/>\n<meta property=\"og:url\" content=\"https:\/\/atigirona.com\/ca\/avis-legal\/\" \/>\n<meta property=\"og:site_name\" content=\"AT INFORM\u00c0TICA\" \/>\n<meta property=\"article:modified_time\" content=\"2025-05-30T10:40:00+00:00\" \/>\n<meta name=\"twitter:card\" content=\"summary_large_image\" \/>\n<meta name=\"twitter:label1\" content=\"Temps estimat de lectura\" \/>\n\t<meta name=\"twitter:data1\" content=\"6 minuts\" \/>\n<script type=\"application\/ld+json\" class=\"yoast-schema-graph\">{\"@context\":\"https:\\\/\\\/schema.org\",\"@graph\":[{\"@type\":\"WebPage\",\"@id\":\"https:\\\/\\\/atigirona.com\\\/ca\\\/avis-legal\\\/\",\"url\":\"https:\\\/\\\/atigirona.com\\\/ca\\\/avis-legal\\\/\",\"name\":\"Av\u00eds Legal - AT INFORM\u00c0TICA\",\"isPartOf\":{\"@id\":\"https:\\\/\\\/atigirona.com\\\/ca\\\/#website\"},\"datePublished\":\"2021-07-15T09:10:50+00:00\",\"dateModified\":\"2025-05-30T10:40:00+00:00\",\"breadcrumb\":{\"@id\":\"https:\\\/\\\/atigirona.com\\\/ca\\\/avis-legal\\\/#breadcrumb\"},\"inLanguage\":\"ca\",\"potentialAction\":[{\"@type\":\"ReadAction\",\"target\":[\"https:\\\/\\\/atigirona.com\\\/ca\\\/avis-legal\\\/\"]}]},{\"@type\":\"BreadcrumbList\",\"@id\":\"https:\\\/\\\/atigirona.com\\\/ca\\\/avis-legal\\\/#breadcrumb\",\"itemListElement\":[{\"@type\":\"ListItem\",\"position\":1,\"name\":\"Inici\",\"item\":\"https:\\\/\\\/atigirona.com\\\/ca\\\/\"},{\"@type\":\"ListItem\",\"position\":2,\"name\":\"Av\u00eds Legal\"}]},{\"@type\":\"WebSite\",\"@id\":\"https:\\\/\\\/atigirona.com\\\/ca\\\/#website\",\"url\":\"https:\\\/\\\/atigirona.com\\\/ca\\\/\",\"name\":\"AT INFORM\u00c0TICA\",\"description\":\"Solucions Web, Manteniment i M\u00e0rqueting Digital a Girona\",\"publisher\":{\"@id\":\"https:\\\/\\\/atigirona.com\\\/ca\\\/#organization\"},\"potentialAction\":[{\"@type\":\"SearchAction\",\"target\":{\"@type\":\"EntryPoint\",\"urlTemplate\":\"https:\\\/\\\/atigirona.com\\\/ca\\\/?s={search_term_string}\"},\"query-input\":{\"@type\":\"PropertyValueSpecification\",\"valueRequired\":true,\"valueName\":\"search_term_string\"}}],\"inLanguage\":\"ca\"},{\"@type\":\"Organization\",\"@id\":\"https:\\\/\\\/atigirona.com\\\/ca\\\/#organization\",\"name\":\"AT INFORM\u00c0TICA\",\"url\":\"https:\\\/\\\/atigirona.com\\\/ca\\\/\",\"logo\":{\"@type\":\"ImageObject\",\"inLanguage\":\"ca\",\"@id\":\"https:\\\/\\\/atigirona.com\\\/ca\\\/#\\\/schema\\\/logo\\\/image\\\/\",\"url\":\"https:\\\/\\\/atigirona.com\\\/wp-content\\\/uploads\\\/2025\\\/05\\\/logo_at_menu.svg\",\"contentUrl\":\"https:\\\/\\\/atigirona.com\\\/wp-content\\\/uploads\\\/2025\\\/05\\\/logo_at_menu.svg\",\"caption\":\"AT INFORM\u00c0TICA\"},\"image\":{\"@id\":\"https:\\\/\\\/atigirona.com\\\/ca\\\/#\\\/schema\\\/logo\\\/image\\\/\"}}]}<\/script>\n<!-- \/ Yoast SEO plugin. -->","yoast_head_json":{"title":"Av\u00eds Legal - AT INFORM\u00c0TICA","robots":{"index":"noindex","follow":"nofollow"},"og_locale":"ca_ES","og_type":"article","og_title":"Av\u00eds Legal - AT INFORM\u00c0TICA","og_description":"INTRODUCCI\u00d3 En compliment de la Llei 34\/2002, d\u201911 de juliol, de Serveis de la Societat de la Informaci\u00f3 i de Comer\u00e7 Electr\u00f2nic (LSSI-CE), AT INFORM\u00c0TICA SCCL informa que \u00e9s titular del lloc Web. D\u2019acord amb la exig\u00e8ncia de l\u2019article 10 de l\u2019esmentada Llei, AT INFORM\u00c0TIC SCCL informa de les seg\u00fcents dades: RA\u00d3 SOCIAL AT INFORMATICA, [&hellip;]","og_url":"https:\/\/atigirona.com\/ca\/avis-legal\/","og_site_name":"AT INFORM\u00c0TICA","article_modified_time":"2025-05-30T10:40:00+00:00","twitter_card":"summary_large_image","twitter_misc":{"Temps estimat de lectura":"6 minuts"},"schema":{"@context":"https:\/\/schema.org","@graph":[{"@type":"WebPage","@id":"https:\/\/atigirona.com\/ca\/avis-legal\/","url":"https:\/\/atigirona.com\/ca\/avis-legal\/","name":"Av\u00eds Legal - AT INFORM\u00c0TICA","isPartOf":{"@id":"https:\/\/atigirona.com\/ca\/#website"},"datePublished":"2021-07-15T09:10:50+00:00","dateModified":"2025-05-30T10:40:00+00:00","breadcrumb":{"@id":"https:\/\/atigirona.com\/ca\/avis-legal\/#breadcrumb"},"inLanguage":"ca","potentialAction":[{"@type":"ReadAction","target":["https:\/\/atigirona.com\/ca\/avis-legal\/"]}]},{"@type":"BreadcrumbList","@id":"https:\/\/atigirona.com\/ca\/avis-legal\/#breadcrumb","itemListElement":[{"@type":"ListItem","position":1,"name":"Inici","item":"https:\/\/atigirona.com\/ca\/"},{"@type":"ListItem","position":2,"name":"Av\u00eds Legal"}]},{"@type":"WebSite","@id":"https:\/\/atigirona.com\/ca\/#website","url":"https:\/\/atigirona.com\/ca\/","name":"AT INFORM\u00c0TICA","description":"Solucions Web, Manteniment i M\u00e0rqueting Digital a Girona","publisher":{"@id":"https:\/\/atigirona.com\/ca\/#organization"},"potentialAction":[{"@type":"SearchAction","target":{"@type":"EntryPoint","urlTemplate":"https:\/\/atigirona.com\/ca\/?s={search_term_string}"},"query-input":{"@type":"PropertyValueSpecification","valueRequired":true,"valueName":"search_term_string"}}],"inLanguage":"ca"},{"@type":"Organization","@id":"https:\/\/atigirona.com\/ca\/#organization","name":"AT INFORM\u00c0TICA","url":"https:\/\/atigirona.com\/ca\/","logo":{"@type":"ImageObject","inLanguage":"ca","@id":"https:\/\/atigirona.com\/ca\/#\/schema\/logo\/image\/","url":"https:\/\/atigirona.com\/wp-content\/uploads\/2025\/05\/logo_at_menu.svg","contentUrl":"https:\/\/atigirona.com\/wp-content\/uploads\/2025\/05\/logo_at_menu.svg","caption":"AT INFORM\u00c0TICA"},"image":{"@id":"https:\/\/atigirona.com\/ca\/#\/schema\/logo\/image\/"}}]}},"_links":{"self":[{"href":"https:\/\/atigirona.com\/ca\/wp-json\/wp\/v2\/pages\/19","targetHints":{"allow":["GET"]}}],"collection":[{"href":"https:\/\/atigirona.com\/ca\/wp-json\/wp\/v2\/pages"}],"about":[{"href":"https:\/\/atigirona.com\/ca\/wp-json\/wp\/v2\/types\/page"}],"author":[{"embeddable":true,"href":"https:\/\/atigirona.com\/ca\/wp-json\/wp\/v2\/users\/1"}],"replies":[{"embeddable":true,"href":"https:\/\/atigirona.com\/ca\/wp-json\/wp\/v2\/comments?post=19"}],"version-history":[{"count":1,"href":"https:\/\/atigirona.com\/ca\/wp-json\/wp\/v2\/pages\/19\/revisions"}],"predecessor-version":[{"id":240,"href":"https:\/\/atigirona.com\/ca\/wp-json\/wp\/v2\/pages\/19\/revisions\/240"}],"wp:attachment":[{"href":"https:\/\/atigirona.com\/ca\/wp-json\/wp\/v2\/media?parent=19"}],"curies":[{"name":"wp","href":"https:\/\/api.w.org\/{rel}","templated":true}]}}