{"id":111,"date":"2025-05-30T08:06:25","date_gmt":"2025-05-30T08:06:25","guid":{"rendered":"https:\/\/atigirona.com\/?page_id=111"},"modified":"2025-05-30T11:38:20","modified_gmt":"2025-05-30T11:38:20","slug":"inici","status":"publish","type":"page","link":"https:\/\/atigirona.com\/ca\/","title":{"rendered":"Inici"},"content":{"rendered":"\n<div class=\"wp-block-group\"><div class=\"wp-block-group__inner-container is-layout-constrained wp-block-group-is-layout-constrained\">\n<div class=\"wp-block-cover\"><img loading=\"lazy\" decoding=\"async\" width=\"1024\" height=\"454\" class=\"wp-block-cover__image-background wp-image-152 size-large\" alt=\"\" src=\"https:\/\/atigirona.com\/wp-content\/uploads\/2025\/05\/atigirona_header_home-1024x454.jpg\" data-object-fit=\"cover\" srcset=\"https:\/\/atigirona.com\/wp-content\/uploads\/2025\/05\/atigirona_header_home-1024x454.jpg 1024w, https:\/\/atigirona.com\/wp-content\/uploads\/2025\/05\/atigirona_header_home-300x133.jpg 300w, https:\/\/atigirona.com\/wp-content\/uploads\/2025\/05\/atigirona_header_home-768x340.jpg 768w, https:\/\/atigirona.com\/wp-content\/uploads\/2025\/05\/atigirona_header_home-1536x681.jpg 1536w, https:\/\/atigirona.com\/wp-content\/uploads\/2025\/05\/atigirona_header_home.jpg 1920w\" sizes=\"auto, (max-width: 1024px) 100vw, 1024px\" \/><span aria-hidden=\"true\" class=\"wp-block-cover__background has-background-dim wp-block-cover__gradient-background has-background-gradient\" style=\"background:linear-gradient(135deg,rgb(0,31,94) 0%,rgba(13,66,224,0.86) 99%)\"><\/span><div class=\"wp-block-cover__inner-container is-layout-constrained wp-block-cover-is-layout-constrained\">\n<h1 class=\"wp-block-heading has-text-align-center has-large-font-size\">Solucions Digitals i Inform\u00e0tiques per a Empreses<\/h1>\n\n\n\n<p class=\"has-text-align-center\">A <strong>AT INFORM\u00c0TICA<\/strong>, oferim serveis tecnol\u00f2gics integrals pensats exclusivament per a empreses. Treballem colze a colze amb negocis de tots els sectors per optimitzar la seva pres\u00e8ncia digital, infraestructura tecnol\u00f2gica i rendiment comercial.<\/p>\n<\/div><\/div>\n<\/div><\/div>\n\n\n\n<div id=\"serveis\" class=\"wp-block-group container_width\"><div class=\"wp-block-group__inner-container is-layout-constrained wp-block-group-is-layout-constrained\">\n<div style=\"height:40px\" aria-hidden=\"true\" class=\"wp-block-spacer\"><\/div>\n\n\n\n<h2 class=\"wp-block-heading has-text-align-center has-text-color has-link-color has-large-font-size wp-elements-f8bae4f2885409de84ef80f43c4a8db3\" style=\"color:#07247b\">Serveis per a Empreses<\/h2>\n\n\n\n<p class=\"has-text-align-center has-black-color has-text-color has-link-color wp-elements-31ef8a46bf82daa30dab4b6adf99fd54\"><\/p>\n\n\n\n<div style=\"height:40px\" aria-hidden=\"true\" class=\"wp-block-spacer\"><\/div>\n\n\n\n<div class=\"wp-block-columns is-layout-flex wp-container-core-columns-is-layout-9d6595d7 wp-block-columns-is-layout-flex\">\n<div class=\"wp-block-column is-layout-flow wp-block-column-is-layout-flow\" style=\"flex-basis:100%\">\n<div class=\"wp-block-cover\"><img loading=\"lazy\" decoding=\"async\" width=\"465\" height=\"348\" class=\"wp-block-cover__image-background wp-image-158 size-full\" alt=\"\" src=\"https:\/\/atigirona.com\/wp-content\/uploads\/2025\/05\/atigirona_servei_disseny_web.jpg\" data-object-fit=\"cover\" srcset=\"https:\/\/atigirona.com\/wp-content\/uploads\/2025\/05\/atigirona_servei_disseny_web.jpg 465w, https:\/\/atigirona.com\/wp-content\/uploads\/2025\/05\/atigirona_servei_disseny_web-300x225.jpg 300w\" sizes=\"auto, (max-width: 465px) 100vw, 465px\" \/><span aria-hidden=\"true\" class=\"wp-block-cover__background has-black-background-color has-background-dim-40 has-background-dim\"><\/span><div class=\"wp-block-cover__inner-container is-layout-constrained wp-block-cover-is-layout-constrained\">\n<h3 class=\"wp-block-heading has-text-align-center has-large-font-size\">Disseny i Desenvolupament Web i APP <\/h3>\n\n\n\n<p class=\"has-text-align-center\">Webs corporatives, intranets, portals B2B i aplicacions m\u00f2bils empresarials, dissenyades per millorar l\u2019efici\u00e8ncia i imatge de marca.<\/p>\n<\/div><\/div>\n<\/div>\n\n\n\n<div class=\"wp-block-column is-layout-flow wp-block-column-is-layout-flow\" style=\"flex-basis:100%\">\n<div class=\"wp-block-cover\"><img loading=\"lazy\" decoding=\"async\" width=\"464\" height=\"348\" class=\"wp-block-cover__image-background wp-image-161 size-full\" alt=\"\" src=\"https:\/\/atigirona.com\/wp-content\/uploads\/2025\/05\/atigirona_servei_allotjament_web.jpg\" data-object-fit=\"cover\" srcset=\"https:\/\/atigirona.com\/wp-content\/uploads\/2025\/05\/atigirona_servei_allotjament_web.jpg 464w, https:\/\/atigirona.com\/wp-content\/uploads\/2025\/05\/atigirona_servei_allotjament_web-300x225.jpg 300w\" sizes=\"auto, (max-width: 464px) 100vw, 464px\" \/><span aria-hidden=\"true\" class=\"wp-block-cover__background has-black-background-color has-background-dim-40 has-background-dim\"><\/span><div class=\"wp-block-cover__inner-container is-layout-constrained wp-block-cover-is-layout-constrained\">\n<h3 class=\"wp-block-heading has-text-align-center has-large-font-size\">Allotjament Web Empresarial<\/h3>\n\n\n\n<p class=\"has-text-align-center\">Servidors segurs, r\u00e0pids i escalables, amb suport t\u00e8cnic especialitzat i monitoratge.<\/p>\n<\/div><\/div>\n<\/div>\n\n\n\n<div class=\"wp-block-column is-layout-flow wp-block-column-is-layout-flow\" style=\"flex-basis:100%\">\n<div class=\"wp-block-cover\"><img loading=\"lazy\" decoding=\"async\" width=\"464\" height=\"347\" class=\"wp-block-cover__image-background wp-image-164 size-full\" alt=\"\" src=\"https:\/\/atigirona.com\/wp-content\/uploads\/2025\/05\/atigirona_servei_assessorament.jpg\" data-object-fit=\"cover\" srcset=\"https:\/\/atigirona.com\/wp-content\/uploads\/2025\/05\/atigirona_servei_assessorament.jpg 464w, https:\/\/atigirona.com\/wp-content\/uploads\/2025\/05\/atigirona_servei_assessorament-300x224.jpg 300w\" sizes=\"auto, (max-width: 464px) 100vw, 464px\" \/><span aria-hidden=\"true\" class=\"wp-block-cover__background has-black-background-color has-background-dim-40 has-background-dim\"><\/span><div class=\"wp-block-cover__inner-container is-layout-constrained wp-block-cover-is-layout-constrained\">\n<h3 class=\"wp-block-heading has-text-align-center has-large-font-size\">Assessorament i Consultoria Tecnol\u00f2gica<\/h3>\n\n\n\n<p class=\"has-text-align-center\">T\u2019ajudem a transformar digitalment la teva empresa amb solucions adaptades a les teves necessitats i objectius.<\/p>\n<\/div><\/div>\n<\/div>\n<\/div>\n\n\n\n<div class=\"wp-block-columns is-layout-flex wp-container-core-columns-is-layout-9d6595d7 wp-block-columns-is-layout-flex\">\n<div class=\"wp-block-column is-layout-flow wp-block-column-is-layout-flow\" style=\"flex-basis:100%\">\n<div class=\"wp-block-cover\"><img loading=\"lazy\" decoding=\"async\" width=\"463\" height=\"347\" class=\"wp-block-cover__image-background wp-image-167 size-full\" alt=\"\" src=\"https:\/\/atigirona.com\/wp-content\/uploads\/2025\/05\/atigirona_servei_marqueting_digital.jpg\" data-object-fit=\"cover\" srcset=\"https:\/\/atigirona.com\/wp-content\/uploads\/2025\/05\/atigirona_servei_marqueting_digital.jpg 463w, https:\/\/atigirona.com\/wp-content\/uploads\/2025\/05\/atigirona_servei_marqueting_digital-300x225.jpg 300w\" sizes=\"auto, (max-width: 463px) 100vw, 463px\" \/><span aria-hidden=\"true\" class=\"wp-block-cover__background has-black-background-color has-background-dim-40 has-background-dim\"><\/span><div class=\"wp-block-cover__inner-container is-layout-constrained wp-block-cover-is-layout-constrained\">\n<h3 class=\"wp-block-heading has-text-align-center has-large-font-size\">M\u00e0rqueting Digital i SEO Corporatiu<\/h3>\n\n\n\n<p class=\"has-text-align-center\">Posicionament org\u00e0nic (SEO), publicitat a Google i xarxes socials per captar clients potencials i millorar la visibilitat online del teu negoci.<\/p>\n<\/div><\/div>\n<\/div>\n\n\n\n<div class=\"wp-block-column is-layout-flow wp-block-column-is-layout-flow\" style=\"flex-basis:100%\">\n<div class=\"wp-block-cover\"><img loading=\"lazy\" decoding=\"async\" width=\"463\" height=\"348\" class=\"wp-block-cover__image-background wp-image-170 size-full\" alt=\"\" src=\"https:\/\/atigirona.com\/wp-content\/uploads\/2025\/05\/atigirona_servei_disseny_grafic.jpg\" data-object-fit=\"cover\" srcset=\"https:\/\/atigirona.com\/wp-content\/uploads\/2025\/05\/atigirona_servei_disseny_grafic.jpg 463w, https:\/\/atigirona.com\/wp-content\/uploads\/2025\/05\/atigirona_servei_disseny_grafic-300x225.jpg 300w\" sizes=\"auto, (max-width: 463px) 100vw, 463px\" \/><span aria-hidden=\"true\" class=\"wp-block-cover__background has-black-background-color has-background-dim-40 has-background-dim\"><\/span><div class=\"wp-block-cover__inner-container is-layout-constrained wp-block-cover-is-layout-constrained\">\n<h3 class=\"wp-block-heading has-text-align-center has-large-font-size\">Disseny Gr\u00e0fic Corporatiu<\/h3>\n\n\n\n<p class=\"has-text-align-center\">Desenvolupem la identitat visual de la teva empresa: logotips, dossiers, presentacions i materials comercials.<\/p>\n<\/div><\/div>\n<\/div>\n\n\n\n<div class=\"wp-block-column is-layout-flow wp-block-column-is-layout-flow\" style=\"flex-basis:100%\">\n<div class=\"wp-block-cover\"><img loading=\"lazy\" decoding=\"async\" width=\"465\" height=\"352\" class=\"wp-block-cover__image-background wp-image-173 size-full\" alt=\"\" src=\"https:\/\/atigirona.com\/wp-content\/uploads\/2025\/05\/atigirona_servei__material_reparacio.jpg\" data-object-fit=\"cover\" srcset=\"https:\/\/atigirona.com\/wp-content\/uploads\/2025\/05\/atigirona_servei__material_reparacio.jpg 465w, https:\/\/atigirona.com\/wp-content\/uploads\/2025\/05\/atigirona_servei__material_reparacio-300x227.jpg 300w\" sizes=\"auto, (max-width: 465px) 100vw, 465px\" \/><span aria-hidden=\"true\" class=\"wp-block-cover__background has-black-background-color has-background-dim-40 has-background-dim\"><\/span><div class=\"wp-block-cover__inner-container is-layout-constrained wp-block-cover-is-layout-constrained\">\n<h3 class=\"wp-block-heading has-text-align-center has-large-font-size\">Equipament Inform\u00e0tic per a Empreses<\/h3>\n\n\n\n<p class=\"has-text-align-center\">Venda, muntatge i manteniment de maquinari per a oficines, amb servei t\u00e8cnic especialitzat per empreses.<\/p>\n<\/div><\/div>\n<\/div>\n<\/div>\n\n\n\n<div style=\"height:30px\" aria-hidden=\"true\" class=\"wp-block-spacer\"><\/div>\n<\/div><\/div>\n\n\n\n<div class=\"wp-block-group has-background\" style=\"background-color:#0d41e1\"><div class=\"wp-block-group__inner-container is-layout-constrained wp-block-group-is-layout-constrained\">\n<div style=\"height:30px\" aria-hidden=\"true\" class=\"wp-block-spacer\"><\/div>\n\n\n\n<div class=\"wp-block-group container_width\"><div class=\"wp-block-group__inner-container is-layout-constrained wp-block-group-is-layout-constrained\"><div class=\"wp-block-image\">\n<figure class=\"aligncenter size-full is-resized\"><img decoding=\"async\" src=\"https:\/\/atigirona.com\/wp-content\/uploads\/2025\/05\/logo_at_blanc_1.svg\" alt=\"\" class=\"wp-image-186\" style=\"object-fit:cover;width:50px;height:50px\"\/><\/figure>\n<\/div>\n\n\n<div style=\"height:30px\" aria-hidden=\"true\" class=\"wp-block-spacer\"><\/div>\n\n\n\n<h2 class=\"wp-block-heading has-text-align-center has-white-color has-text-color has-link-color wp-elements-4f7df4dad9cd7d6536f36dcad667f15b\">Impulsa la Transformaci\u00f3 Digital de la Teva Empresa<\/h2>\n\n\n\n<p class=\"has-text-align-center has-white-color has-text-color has-link-color wp-elements-e848ebeebd23438fb025b289ecdc9b99\">A AT INFORM\u00c0TICA t\u2019oferim solucions personalitzades en <strong>disseny web, manteniment inform\u00e0tic i m\u00e0rqueting digital<\/strong> per fer cr\u00e9ixer la teva empresa a l\u2019entorn digital.<\/p>\n\n\n\n<div style=\"height:30px\" aria-hidden=\"true\" class=\"wp-block-spacer\"><\/div>\n\n\n\n<div class=\"wp-block-buttons is-content-justification-center is-layout-flex wp-container-core-buttons-is-layout-16018d1d wp-block-buttons-is-layout-flex\">\n<div class=\"wp-block-button\"><a class=\"wp-block-button__link wp-element-button\" href=\"mailto:dev@atigirona.com\" target=\"_blank\" rel=\"noreferrer noopener nofollow\">Contacta&#8217;ns<\/a><\/div>\n<\/div>\n<\/div><\/div>\n\n\n\n<div style=\"height:30px\" aria-hidden=\"true\" class=\"wp-block-spacer\"><\/div>\n<\/div><\/div>\n\n\n\n<div id=\"equip\" class=\"wp-block-group container_width\"><div class=\"wp-block-group__inner-container is-layout-constrained wp-block-group-is-layout-constrained\">\n<div style=\"height:40px\" aria-hidden=\"true\" class=\"wp-block-spacer\"><\/div>\n\n\n\n<h2 class=\"wp-block-heading has-text-align-center has-text-color has-link-color has-large-font-size wp-elements-b87d420c6249a71c346b080ed3c9f6c3\" style=\"color:#07247b\">El nostre equip<\/h2>\n\n\n\n<h3 class=\"wp-block-heading has-text-align-center has-black-color has-text-color has-link-color wp-elements-ca7406d226be9dd16e5342deb36857dd\">Especialistes en tecnologia i comunicaci\u00f3 corporativa<\/h3>\n\n\n\n<p class=\"has-text-align-center has-black-color has-text-color has-link-color wp-elements-c43e13392c19daae80c0907312cd7950\">El nostre equip multidisciplinari est\u00e0 format per professionals en programaci\u00f3, comunicaci\u00f3, disseny, m\u00e0rqueting i vendes, amb una \u00e0mplia experi\u00e8ncia donant suport a empreses en la seva transformaci\u00f3 digital i creixement tecnol\u00f2gic.<\/p>\n\n\n\n<div style=\"height:40px\" aria-hidden=\"true\" class=\"wp-block-spacer\"><\/div>\n<\/div><\/div>\n\n\n\n<div id=\"contacta\" class=\"wp-block-group container_width\"><div class=\"wp-block-group__inner-container is-layout-constrained wp-block-group-is-layout-constrained\">\n<div style=\"height:40px\" aria-hidden=\"true\" class=\"wp-block-spacer\"><\/div>\n\n\n\n<h2 class=\"wp-block-heading has-text-align-center has-text-color has-link-color has-large-font-size wp-elements-44f10fe6c29c6b253d7855f057396f8e\" style=\"color:#07247b\">Contacta amb AT INFORM\u00c0TICA<\/h2>\n\n\n\n<p class=\"has-text-align-center has-black-color has-text-color has-link-color wp-elements-180209e6a10e1a1531c2ec3f04c0f9b7\">Treballem amb empreses que volen cr\u00e9ixer i millorar els seus processos mitjan\u00e7ant la tecnologia. Demana ara una <strong>assessorament inicial sense comprom\u00eds<\/strong>.<\/p>\n\n\n\n<p class=\"has-text-align-center has-black-color has-text-color has-link-color wp-elements-7e8bf00180ab75c0164895735bf2054b\">Amb seu a Girona, donem servei a empreses de tot Catalunya.<\/p>\n\n\n\n<div class=\"wp-block-buttons is-content-justification-center is-layout-flex wp-container-core-buttons-is-layout-16018d1d wp-block-buttons-is-layout-flex\">\n<div class=\"wp-block-button\"><a class=\"wp-block-button__link wp-element-button\" href=\"mailto:dev@atigirona.com\" target=\"_blank\" rel=\"noreferrer noopener nofollow\">Contacta&#8217;ns<\/a><\/div>\n<\/div>\n\n\n\n<div style=\"height:40px\" aria-hidden=\"true\" class=\"wp-block-spacer\"><\/div>\n<\/div><\/div>\n","protected":false},"excerpt":{"rendered":"<p>Serveis per a Empreses Impulsa la Transformaci\u00f3 Digital de la Teva Empresa A AT INFORM\u00c0TICA t\u2019oferim solucions personalitzades en disseny web, manteniment inform\u00e0tic i m\u00e0rqueting digital per fer cr\u00e9ixer la teva empresa a l\u2019entorn digital. El nostre equip Especialistes en tecnologia i comunicaci\u00f3 corporativa El nostre equip multidisciplinari est\u00e0 format per professionals en programaci\u00f3, comunicaci\u00f3, [&hellip;]<\/p>\n","protected":false},"author":1,"featured_media":0,"parent":0,"menu_order":0,"comment_status":"closed","ping_status":"closed","template":"","meta":{"_acf_changed":false,"footnotes":""},"class_list":["post-111","page","type-page","status-publish","hentry"],"acf":[],"yoast_head":"<!-- This site is optimized with the Yoast SEO plugin v27.5 - https:\/\/yoast.com\/product\/yoast-seo-wordpress\/ -->\n<title>AT INFORM\u00c0TICA - Solucions Tecnol\u00f2giques per a Empreses<\/title>\n<meta name=\"description\" content=\"Serveis digitals i tecnol\u00f2gics per a empreses: desenvolupament web, m\u00e0rqueting digital, suport IT i consultoria. Amb seu a Girona, per a tot Catalunya.\" \/>\n<meta name=\"robots\" content=\"index, follow, max-snippet:-1, max-image-preview:large, max-video-preview:-1\" \/>\n<link rel=\"canonical\" href=\"https:\/\/atigirona.com\/ca\/\" \/>\n<meta property=\"og:locale\" content=\"ca_ES\" \/>\n<meta property=\"og:type\" content=\"article\" \/>\n<meta property=\"og:title\" content=\"AT INFORM\u00c0TICA - Solucions Tecnol\u00f2giques per a Empreses\" \/>\n<meta property=\"og:description\" content=\"Serveis digitals i tecnol\u00f2gics per a empreses: desenvolupament web, m\u00e0rqueting digital, suport IT i consultoria. Amb seu a Girona, per a tot Catalunya.\" \/>\n<meta property=\"og:url\" content=\"https:\/\/atigirona.com\/ca\/\" \/>\n<meta property=\"og:site_name\" content=\"AT INFORM\u00c0TICA\" \/>\n<meta property=\"article:modified_time\" content=\"2025-05-30T11:38:20+00:00\" \/>\n<meta property=\"og:image\" content=\"https:\/\/atigirona.com\/wp-content\/uploads\/2025\/05\/atigirona_header_home.jpg\" \/>\n\t<meta property=\"og:image:width\" content=\"1920\" \/>\n\t<meta property=\"og:image:height\" content=\"851\" \/>\n\t<meta property=\"og:image:type\" content=\"image\/jpeg\" \/>\n<meta name=\"twitter:card\" content=\"summary_large_image\" \/>\n<meta name=\"twitter:label1\" content=\"Temps estimat de lectura\" \/>\n\t<meta name=\"twitter:data1\" content=\"4 minuts\" \/>\n<script type=\"application\/ld+json\" class=\"yoast-schema-graph\">{\"@context\":\"https:\\\/\\\/schema.org\",\"@graph\":[{\"@type\":\"WebPage\",\"@id\":\"https:\\\/\\\/atigirona.com\\\/ca\\\/\",\"url\":\"https:\\\/\\\/atigirona.com\\\/ca\\\/\",\"name\":\"AT INFORM\u00c0TICA - Solucions Tecnol\u00f2giques per a Empreses\",\"isPartOf\":{\"@id\":\"https:\\\/\\\/atigirona.com\\\/ca\\\/#website\"},\"primaryImageOfPage\":{\"@id\":\"https:\\\/\\\/atigirona.com\\\/ca\\\/#primaryimage\"},\"image\":{\"@id\":\"https:\\\/\\\/atigirona.com\\\/ca\\\/#primaryimage\"},\"thumbnailUrl\":\"https:\\\/\\\/atigirona.com\\\/wp-content\\\/uploads\\\/2025\\\/05\\\/atigirona_header_home-1024x454.jpg\",\"datePublished\":\"2025-05-30T08:06:25+00:00\",\"dateModified\":\"2025-05-30T11:38:20+00:00\",\"description\":\"Serveis digitals i tecnol\u00f2gics per a empreses: desenvolupament web, m\u00e0rqueting digital, suport IT i consultoria. Amb seu a Girona, per a tot Catalunya.\",\"breadcrumb\":{\"@id\":\"https:\\\/\\\/atigirona.com\\\/ca\\\/#breadcrumb\"},\"inLanguage\":\"ca\",\"potentialAction\":[{\"@type\":\"ReadAction\",\"target\":[\"https:\\\/\\\/atigirona.com\\\/ca\\\/\"]}]},{\"@type\":\"ImageObject\",\"inLanguage\":\"ca\",\"@id\":\"https:\\\/\\\/atigirona.com\\\/ca\\\/#primaryimage\",\"url\":\"https:\\\/\\\/atigirona.com\\\/wp-content\\\/uploads\\\/2025\\\/05\\\/atigirona_header_home-1024x454.jpg\",\"contentUrl\":\"https:\\\/\\\/atigirona.com\\\/wp-content\\\/uploads\\\/2025\\\/05\\\/atigirona_header_home-1024x454.jpg\"},{\"@type\":\"BreadcrumbList\",\"@id\":\"https:\\\/\\\/atigirona.com\\\/ca\\\/#breadcrumb\",\"itemListElement\":[{\"@type\":\"ListItem\",\"position\":1,\"name\":\"Inici\",\"item\":\"https:\\\/\\\/atigirona.com\\\/ca\\\/\"},{\"@type\":\"ListItem\",\"position\":2,\"name\":\"Inici\"}]},{\"@type\":\"WebSite\",\"@id\":\"https:\\\/\\\/atigirona.com\\\/ca\\\/#website\",\"url\":\"https:\\\/\\\/atigirona.com\\\/ca\\\/\",\"name\":\"AT INFORM\u00c0TICA\",\"description\":\"Solucions Web, Manteniment i M\u00e0rqueting Digital a Girona\",\"publisher\":{\"@id\":\"https:\\\/\\\/atigirona.com\\\/ca\\\/#organization\"},\"potentialAction\":[{\"@type\":\"SearchAction\",\"target\":{\"@type\":\"EntryPoint\",\"urlTemplate\":\"https:\\\/\\\/atigirona.com\\\/ca\\\/?s={search_term_string}\"},\"query-input\":{\"@type\":\"PropertyValueSpecification\",\"valueRequired\":true,\"valueName\":\"search_term_string\"}}],\"inLanguage\":\"ca\"},{\"@type\":\"Organization\",\"@id\":\"https:\\\/\\\/atigirona.com\\\/ca\\\/#organization\",\"name\":\"AT INFORM\u00c0TICA\",\"url\":\"https:\\\/\\\/atigirona.com\\\/ca\\\/\",\"logo\":{\"@type\":\"ImageObject\",\"inLanguage\":\"ca\",\"@id\":\"https:\\\/\\\/atigirona.com\\\/ca\\\/#\\\/schema\\\/logo\\\/image\\\/\",\"url\":\"https:\\\/\\\/atigirona.com\\\/wp-content\\\/uploads\\\/2025\\\/05\\\/logo_at_menu.svg\",\"contentUrl\":\"https:\\\/\\\/atigirona.com\\\/wp-content\\\/uploads\\\/2025\\\/05\\\/logo_at_menu.svg\",\"caption\":\"AT INFORM\u00c0TICA\"},\"image\":{\"@id\":\"https:\\\/\\\/atigirona.com\\\/ca\\\/#\\\/schema\\\/logo\\\/image\\\/\"}}]}<\/script>\n<!-- \/ Yoast SEO plugin. -->","yoast_head_json":{"title":"AT INFORM\u00c0TICA - Solucions Tecnol\u00f2giques per a Empreses","description":"Serveis digitals i tecnol\u00f2gics per a empreses: desenvolupament web, m\u00e0rqueting digital, suport IT i consultoria. Amb seu a Girona, per a tot Catalunya.","robots":{"index":"index","follow":"follow","max-snippet":"max-snippet:-1","max-image-preview":"max-image-preview:large","max-video-preview":"max-video-preview:-1"},"canonical":"https:\/\/atigirona.com\/ca\/","og_locale":"ca_ES","og_type":"article","og_title":"AT INFORM\u00c0TICA - Solucions Tecnol\u00f2giques per a Empreses","og_description":"Serveis digitals i tecnol\u00f2gics per a empreses: desenvolupament web, m\u00e0rqueting digital, suport IT i consultoria. Amb seu a Girona, per a tot Catalunya.","og_url":"https:\/\/atigirona.com\/ca\/","og_site_name":"AT INFORM\u00c0TICA","article_modified_time":"2025-05-30T11:38:20+00:00","og_image":[{"width":1920,"height":851,"url":"https:\/\/atigirona.com\/wp-content\/uploads\/2025\/05\/atigirona_header_home.jpg","type":"image\/jpeg"}],"twitter_card":"summary_large_image","twitter_misc":{"Temps estimat de lectura":"4 minuts"},"schema":{"@context":"https:\/\/schema.org","@graph":[{"@type":"WebPage","@id":"https:\/\/atigirona.com\/ca\/","url":"https:\/\/atigirona.com\/ca\/","name":"AT INFORM\u00c0TICA - Solucions Tecnol\u00f2giques per a Empreses","isPartOf":{"@id":"https:\/\/atigirona.com\/ca\/#website"},"primaryImageOfPage":{"@id":"https:\/\/atigirona.com\/ca\/#primaryimage"},"image":{"@id":"https:\/\/atigirona.com\/ca\/#primaryimage"},"thumbnailUrl":"https:\/\/atigirona.com\/wp-content\/uploads\/2025\/05\/atigirona_header_home-1024x454.jpg","datePublished":"2025-05-30T08:06:25+00:00","dateModified":"2025-05-30T11:38:20+00:00","description":"Serveis digitals i tecnol\u00f2gics per a empreses: desenvolupament web, m\u00e0rqueting digital, suport IT i consultoria. Amb seu a Girona, per a tot Catalunya.","breadcrumb":{"@id":"https:\/\/atigirona.com\/ca\/#breadcrumb"},"inLanguage":"ca","potentialAction":[{"@type":"ReadAction","target":["https:\/\/atigirona.com\/ca\/"]}]},{"@type":"ImageObject","inLanguage":"ca","@id":"https:\/\/atigirona.com\/ca\/#primaryimage","url":"https:\/\/atigirona.com\/wp-content\/uploads\/2025\/05\/atigirona_header_home-1024x454.jpg","contentUrl":"https:\/\/atigirona.com\/wp-content\/uploads\/2025\/05\/atigirona_header_home-1024x454.jpg"},{"@type":"BreadcrumbList","@id":"https:\/\/atigirona.com\/ca\/#breadcrumb","itemListElement":[{"@type":"ListItem","position":1,"name":"Inici","item":"https:\/\/atigirona.com\/ca\/"},{"@type":"ListItem","position":2,"name":"Inici"}]},{"@type":"WebSite","@id":"https:\/\/atigirona.com\/ca\/#website","url":"https:\/\/atigirona.com\/ca\/","name":"AT INFORM\u00c0TICA","description":"Solucions Web, Manteniment i M\u00e0rqueting Digital a Girona","publisher":{"@id":"https:\/\/atigirona.com\/ca\/#organization"},"potentialAction":[{"@type":"SearchAction","target":{"@type":"EntryPoint","urlTemplate":"https:\/\/atigirona.com\/ca\/?s={search_term_string}"},"query-input":{"@type":"PropertyValueSpecification","valueRequired":true,"valueName":"search_term_string"}}],"inLanguage":"ca"},{"@type":"Organization","@id":"https:\/\/atigirona.com\/ca\/#organization","name":"AT INFORM\u00c0TICA","url":"https:\/\/atigirona.com\/ca\/","logo":{"@type":"ImageObject","inLanguage":"ca","@id":"https:\/\/atigirona.com\/ca\/#\/schema\/logo\/image\/","url":"https:\/\/atigirona.com\/wp-content\/uploads\/2025\/05\/logo_at_menu.svg","contentUrl":"https:\/\/atigirona.com\/wp-content\/uploads\/2025\/05\/logo_at_menu.svg","caption":"AT INFORM\u00c0TICA"},"image":{"@id":"https:\/\/atigirona.com\/ca\/#\/schema\/logo\/image\/"}}]}},"_links":{"self":[{"href":"https:\/\/atigirona.com\/ca\/wp-json\/wp\/v2\/pages\/111","targetHints":{"allow":["GET"]}}],"collection":[{"href":"https:\/\/atigirona.com\/ca\/wp-json\/wp\/v2\/pages"}],"about":[{"href":"https:\/\/atigirona.com\/ca\/wp-json\/wp\/v2\/types\/page"}],"author":[{"embeddable":true,"href":"https:\/\/atigirona.com\/ca\/wp-json\/wp\/v2\/users\/1"}],"replies":[{"embeddable":true,"href":"https:\/\/atigirona.com\/ca\/wp-json\/wp\/v2\/comments?post=111"}],"version-history":[{"count":31,"href":"https:\/\/atigirona.com\/ca\/wp-json\/wp\/v2\/pages\/111\/revisions"}],"predecessor-version":[{"id":267,"href":"https:\/\/atigirona.com\/ca\/wp-json\/wp\/v2\/pages\/111\/revisions\/267"}],"wp:attachment":[{"href":"https:\/\/atigirona.com\/ca\/wp-json\/wp\/v2\/media?parent=111"}],"curies":[{"name":"wp","href":"https:\/\/api.w.org\/{rel}","templated":true}]}}